{"id":770284,"date":"2024-10-21T18:09:14","date_gmt":"2024-10-21T16:09:14","guid":{"rendered":"https:\/\/streetmarkets.fr\/app\/produit\/sac-rouge-cloute\/"},"modified":"2026-05-08T07:39:38","modified_gmt":"2026-05-08T05:39:38","slug":"sac-rouge-cloute","status":"publish","type":"product","link":"https:\/\/streetmarkets.fr\/app\/produit\/sac-rouge-cloute\/","title":{"rendered":"Sac rouge clout\u00e9 Cacharel"},"content":{"rendered":"<p class=\"p1\">Sac \u00e0 main en tissu rouge clout\u00e9 noir blanc et argent\u00e9 <br \/>Ans\u00e9 en m\u00e9tal argent\u00e9e<\/p>\n<p class=\"p1\">Mesures : hauteur : 13 cm, largeur : 20 cm, profondeur : 5 cm<\/p>\n<p class=\"p1\">Hauteur anse : 18 cm<\/p>\n<p>\u00c9tat : Tr\u00e8s bon \u00e9tat\u00a0<\/p>\n","protected":false},"excerpt":{"rendered":"<p>Sac \u00e0 main en tissu rouge clout\u00e9 noir blanc et argent\u00e9 Ans\u00e9 en m\u00e9tal argent\u00e9e Mesures : hauteur : 13 cm, largeur : 20 cm, profondeur : 5 cm Hauteur anse : 18 cm \u00c9tat : Tr\u00e8s bon \u00e9tat\u00a0<\/p>\n","protected":false},"featured_media":770285,"comment_status":"open","ping_status":"closed","template":"","meta":[],"product_brand":[],"product_cat":[1756,1764],"product_tag":[2122],"acf":[],"_links":{"self":[{"href":"https:\/\/streetmarkets.fr\/app\/wp-json\/wp\/v2\/product\/770284"}],"collection":[{"href":"https:\/\/streetmarkets.fr\/app\/wp-json\/wp\/v2\/product"}],"about":[{"href":"https:\/\/streetmarkets.fr\/app\/wp-json\/wp\/v2\/types\/product"}],"replies":[{"embeddable":true,"href":"https:\/\/streetmarkets.fr\/app\/wp-json\/wp\/v2\/comments?post=770284"}],"wp:featuredmedia":[{"embeddable":true,"href":"https:\/\/streetmarkets.fr\/app\/wp-json\/wp\/v2\/media\/770285"}],"wp:attachment":[{"href":"https:\/\/streetmarkets.fr\/app\/wp-json\/wp\/v2\/media?parent=770284"}],"wp:term":[{"taxonomy":"product_brand","embeddable":true,"href":"https:\/\/streetmarkets.fr\/app\/wp-json\/wp\/v2\/product_brand?post=770284"},{"taxonomy":"product_cat","embeddable":true,"href":"https:\/\/streetmarkets.fr\/app\/wp-json\/wp\/v2\/product_cat?post=770284"},{"taxonomy":"product_tag","embeddable":true,"href":"https:\/\/streetmarkets.fr\/app\/wp-json\/wp\/v2\/product_tag?post=770284"}],"curies":[{"name":"wp","href":"https:\/\/api.w.org\/{rel}","templated":true}]}}