{"id":770264,"date":"2024-10-21T18:09:13","date_gmt":"2024-10-21T16:09:13","guid":{"rendered":"https:\/\/streetmarkets.fr\/app\/produit\/cape-noire\/"},"modified":"2026-05-12T07:39:31","modified_gmt":"2026-05-12T05:39:31","slug":"cape-noire","status":"publish","type":"product","link":"https:\/\/streetmarkets.fr\/app\/produit\/cape-noire\/","title":{"rendered":"Cape noire"},"content":{"rendered":"<p class=\"p1\">Cape noire vintage\u00a0<br \/>\u00c9tiquette visible au dos<br \/>Mod\u00e8le rare\u00a0<br \/>Fabriqu\u00e9 au Japon<\/p>\n<p>Marque : Junya Watanabe X Comme des Gar\u00e7ons<\/p>\n<p>Composition : 53% angora, 47% laine<\/p>\n<p>Taille : Indiqu\u00e9 M<\/p>\n<p>\u00c9tat : Tr\u00e8s bon \u00e9tat\u00a0<\/p>\n","protected":false},"excerpt":{"rendered":"<p>Cape noire vintage\u00a0\u00c9tiquette visible au dosMod\u00e8le rare\u00a0Fabriqu\u00e9 au Japon Marque : Junya Watanabe X Comme des Gar\u00e7ons Composition : 53% angora, 47% laine Taille : Indiqu\u00e9 M \u00c9tat : Tr\u00e8s bon \u00e9tat\u00a0<\/p>\n","protected":false},"featured_media":770265,"comment_status":"open","ping_status":"closed","template":"","meta":[],"product_brand":[],"product_cat":[1756,1762],"product_tag":[2122],"acf":[],"_links":{"self":[{"href":"https:\/\/streetmarkets.fr\/app\/wp-json\/wp\/v2\/product\/770264"}],"collection":[{"href":"https:\/\/streetmarkets.fr\/app\/wp-json\/wp\/v2\/product"}],"about":[{"href":"https:\/\/streetmarkets.fr\/app\/wp-json\/wp\/v2\/types\/product"}],"replies":[{"embeddable":true,"href":"https:\/\/streetmarkets.fr\/app\/wp-json\/wp\/v2\/comments?post=770264"}],"wp:featuredmedia":[{"embeddable":true,"href":"https:\/\/streetmarkets.fr\/app\/wp-json\/wp\/v2\/media\/770265"}],"wp:attachment":[{"href":"https:\/\/streetmarkets.fr\/app\/wp-json\/wp\/v2\/media?parent=770264"}],"wp:term":[{"taxonomy":"product_brand","embeddable":true,"href":"https:\/\/streetmarkets.fr\/app\/wp-json\/wp\/v2\/product_brand?post=770264"},{"taxonomy":"product_cat","embeddable":true,"href":"https:\/\/streetmarkets.fr\/app\/wp-json\/wp\/v2\/product_cat?post=770264"},{"taxonomy":"product_tag","embeddable":true,"href":"https:\/\/streetmarkets.fr\/app\/wp-json\/wp\/v2\/product_tag?post=770264"}],"curies":[{"name":"wp","href":"https:\/\/api.w.org\/{rel}","templated":true}]}}