{"id":770228,"date":"2024-10-21T18:09:10","date_gmt":"2024-10-21T16:09:10","guid":{"rendered":"https:\/\/streetmarkets.fr\/app\/produit\/robe-noir-manches-bouffantes\/"},"modified":"2026-05-10T07:39:34","modified_gmt":"2026-05-10T05:39:34","slug":"robe-noir-manches-bouffantes","status":"publish","type":"product","link":"https:\/\/streetmarkets.fr\/app\/produit\/robe-noir-manches-bouffantes\/","title":{"rendered":"Robe noir manches bouffantes"},"content":{"rendered":"<p><!--\ntd {border: 1px solid #cccccc;}br {mso-data-placement:same-cell;}\n--><\/p>\n<p class=\"p1\">Robe vintage en coton noir avec deux poches<br \/>Coupe ample et deux manches bouffantes<br \/>\u00c9paules d\u00e9couvertes<\/p>\n<p>Fabriqu\u00e9 en France<\/p>\n<p>Marque : Yves Saint Laurent, ligne rive gauche<\/p>\n<p class=\"p1\">Mesures : Longueur dos 78 cm, longueur manche 42,5 cm<\/p>\n<p>Taille : Indiqu\u00e9, correspond \u00e0 une taille M<\/p>\n<p>\u00c9tat : Tr\u00e8s bon \u00e9tat<\/p>\n","protected":false},"excerpt":{"rendered":"<p>Robe vintage en coton noir avec deux pochesCoupe ample et deux manches bouffantes\u00c9paules d\u00e9couvertes Fabriqu\u00e9 en France Marque : Yves Saint Laurent, ligne rive gauche Mesures : Longueur dos 78 cm, longueur manche 42,5 cm Taille : Indiqu\u00e9, correspond \u00e0 une taille M \u00c9tat : Tr\u00e8s bon \u00e9tat<\/p>\n","protected":false},"featured_media":770229,"comment_status":"open","ping_status":"closed","template":"","meta":[],"product_brand":[],"product_cat":[1756,1762],"product_tag":[2122],"acf":[],"_links":{"self":[{"href":"https:\/\/streetmarkets.fr\/app\/wp-json\/wp\/v2\/product\/770228"}],"collection":[{"href":"https:\/\/streetmarkets.fr\/app\/wp-json\/wp\/v2\/product"}],"about":[{"href":"https:\/\/streetmarkets.fr\/app\/wp-json\/wp\/v2\/types\/product"}],"replies":[{"embeddable":true,"href":"https:\/\/streetmarkets.fr\/app\/wp-json\/wp\/v2\/comments?post=770228"}],"wp:featuredmedia":[{"embeddable":true,"href":"https:\/\/streetmarkets.fr\/app\/wp-json\/wp\/v2\/media\/770229"}],"wp:attachment":[{"href":"https:\/\/streetmarkets.fr\/app\/wp-json\/wp\/v2\/media?parent=770228"}],"wp:term":[{"taxonomy":"product_brand","embeddable":true,"href":"https:\/\/streetmarkets.fr\/app\/wp-json\/wp\/v2\/product_brand?post=770228"},{"taxonomy":"product_cat","embeddable":true,"href":"https:\/\/streetmarkets.fr\/app\/wp-json\/wp\/v2\/product_cat?post=770228"},{"taxonomy":"product_tag","embeddable":true,"href":"https:\/\/streetmarkets.fr\/app\/wp-json\/wp\/v2\/product_tag?post=770228"}],"curies":[{"name":"wp","href":"https:\/\/api.w.org\/{rel}","templated":true}]}}