{"id":770181,"date":"2024-10-21T18:08:36","date_gmt":"2024-10-21T16:08:36","guid":{"rendered":"https:\/\/streetmarkets.fr\/app\/produit\/sandales-en-cuir-marron\/"},"modified":"2026-05-05T07:39:45","modified_gmt":"2026-05-05T05:39:45","slug":"sandales-en-cuir-marron","status":"publish","type":"product","link":"https:\/\/streetmarkets.fr\/app\/produit\/sandales-en-cuir-marron\/","title":{"rendered":"Sandales en cuir marron"},"content":{"rendered":"<p class=\"p1\" data-mce-fragment=\"1\"><span class=\"Apple-converted-space\" data-mce-fragment=\"1\">Sandales \u00e0 talon en cuir marron<br \/>Lacet \u00e0 nouer autour de la cheville<br \/><\/span><span style=\"font-family: -apple-system, BlinkMacSystemFont, 'San Francisco', 'Segoe UI', Roboto, 'Helvetica Neue', sans-serif;font-size: 0.875rem\">Fabriqu\u00e9 en Italie<\/span><\/p>\n<p class=\"p1\" data-mce-fragment=\"1\">Marque : Yves Saint Laurent &#8211; rive gauche<\/p>\n<p class=\"p1\" data-mce-fragment=\"1\">Composition : Cuir<\/p>\n<p class=\"p1\" data-mce-fragment=\"1\">Taille : 39<\/p>\n<p>Hauteur du talon : 7 cm<\/p>\n<p class=\"p1\" data-mce-fragment=\"1\">\u00c9tat : Tr\u00e8s bon \u00e9tat<\/p>\n","protected":false},"excerpt":{"rendered":"<p>Sandales \u00e0 talon en cuir marronLacet \u00e0 nouer autour de la chevilleFabriqu\u00e9 en Italie Marque : Yves Saint Laurent &#8211; rive gauche Composition : Cuir Taille : 39 Hauteur du talon : 7 cm \u00c9tat : Tr\u00e8s bon \u00e9tat<\/p>\n","protected":false},"featured_media":770182,"comment_status":"open","ping_status":"closed","template":"","meta":[],"product_brand":[],"product_cat":[1756,1763],"product_tag":[2122],"acf":[],"_links":{"self":[{"href":"https:\/\/streetmarkets.fr\/app\/wp-json\/wp\/v2\/product\/770181"}],"collection":[{"href":"https:\/\/streetmarkets.fr\/app\/wp-json\/wp\/v2\/product"}],"about":[{"href":"https:\/\/streetmarkets.fr\/app\/wp-json\/wp\/v2\/types\/product"}],"replies":[{"embeddable":true,"href":"https:\/\/streetmarkets.fr\/app\/wp-json\/wp\/v2\/comments?post=770181"}],"wp:featuredmedia":[{"embeddable":true,"href":"https:\/\/streetmarkets.fr\/app\/wp-json\/wp\/v2\/media\/770182"}],"wp:attachment":[{"href":"https:\/\/streetmarkets.fr\/app\/wp-json\/wp\/v2\/media?parent=770181"}],"wp:term":[{"taxonomy":"product_brand","embeddable":true,"href":"https:\/\/streetmarkets.fr\/app\/wp-json\/wp\/v2\/product_brand?post=770181"},{"taxonomy":"product_cat","embeddable":true,"href":"https:\/\/streetmarkets.fr\/app\/wp-json\/wp\/v2\/product_cat?post=770181"},{"taxonomy":"product_tag","embeddable":true,"href":"https:\/\/streetmarkets.fr\/app\/wp-json\/wp\/v2\/product_tag?post=770181"}],"curies":[{"name":"wp","href":"https:\/\/api.w.org\/{rel}","templated":true}]}}