{"id":770176,"date":"2024-10-21T18:08:35","date_gmt":"2024-10-21T16:08:35","guid":{"rendered":"https:\/\/streetmarkets.fr\/app\/produit\/escarpins-bicolore\/"},"modified":"2026-04-12T07:39:38","modified_gmt":"2026-04-12T05:39:38","slug":"escarpins-bicolore","status":"publish","type":"product","link":"https:\/\/streetmarkets.fr\/app\/produit\/escarpins-bicolore\/","title":{"rendered":"Escarpins bicolore"},"content":{"rendered":"<p class=\"p1\" data-mce-fragment=\"1\"><span class=\"Apple-converted-space\" data-mce-fragment=\"1\">Talons bleus et violets \u00e0 b<\/span><span style=\"font-family: -apple-system, BlinkMacSystemFont, 'San Francisco', 'Segoe UI', Roboto, 'Helvetica Neue', sans-serif;font-size: 0.875rem\">out carr\u00e9<br \/><\/span><span style=\"font-family: -apple-system, BlinkMacSystemFont, 'San Francisco', 'Segoe UI', Roboto, 'Helvetica Neue', sans-serif;font-size: 0.875rem\">Fabriqu\u00e9 en Italie<\/span><\/p>\n<p class=\"p1\" data-mce-fragment=\"1\">Marque : Sergio Rossi<\/p>\n<p class=\"p1\" data-mce-fragment=\"1\">Composition : Cuir<\/p>\n<p>Taille : 37<\/p>\n<p class=\"p1\" data-mce-fragment=\"1\">Hauteur talons : 8 cm<\/p>\n<p>\u00c9tat : Tr\u00e8s bon \u00e9tat<\/p>\n","protected":false},"excerpt":{"rendered":"<p>Talons bleus et violets \u00e0 bout carr\u00e9Fabriqu\u00e9 en Italie Marque : Sergio Rossi Composition : Cuir Taille : 37 Hauteur talons : 8 cm \u00c9tat : Tr\u00e8s bon \u00e9tat<\/p>\n","protected":false},"featured_media":770177,"comment_status":"open","ping_status":"closed","template":"","meta":[],"product_brand":[],"product_cat":[1756,1763],"product_tag":[2122],"acf":[],"_links":{"self":[{"href":"https:\/\/streetmarkets.fr\/app\/wp-json\/wp\/v2\/product\/770176"}],"collection":[{"href":"https:\/\/streetmarkets.fr\/app\/wp-json\/wp\/v2\/product"}],"about":[{"href":"https:\/\/streetmarkets.fr\/app\/wp-json\/wp\/v2\/types\/product"}],"replies":[{"embeddable":true,"href":"https:\/\/streetmarkets.fr\/app\/wp-json\/wp\/v2\/comments?post=770176"}],"wp:featuredmedia":[{"embeddable":true,"href":"https:\/\/streetmarkets.fr\/app\/wp-json\/wp\/v2\/media\/770177"}],"wp:attachment":[{"href":"https:\/\/streetmarkets.fr\/app\/wp-json\/wp\/v2\/media?parent=770176"}],"wp:term":[{"taxonomy":"product_brand","embeddable":true,"href":"https:\/\/streetmarkets.fr\/app\/wp-json\/wp\/v2\/product_brand?post=770176"},{"taxonomy":"product_cat","embeddable":true,"href":"https:\/\/streetmarkets.fr\/app\/wp-json\/wp\/v2\/product_cat?post=770176"},{"taxonomy":"product_tag","embeddable":true,"href":"https:\/\/streetmarkets.fr\/app\/wp-json\/wp\/v2\/product_tag?post=770176"}],"curies":[{"name":"wp","href":"https:\/\/api.w.org\/{rel}","templated":true}]}}