{"id":770172,"date":"2024-10-21T18:08:35","date_gmt":"2024-10-21T16:08:35","guid":{"rendered":"https:\/\/streetmarkets.fr\/app\/produit\/bottes-marrons-talon-compense\/"},"modified":"2026-05-10T07:39:34","modified_gmt":"2026-05-10T05:39:34","slug":"bottes-marrons-talon-compense","status":"publish","type":"product","link":"https:\/\/streetmarkets.fr\/app\/produit\/bottes-marrons-talon-compense\/","title":{"rendered":"Bottes marrons talon compens\u00e9"},"content":{"rendered":"<p data-mce-fragment=\"1\" class=\"p1\"><span data-mce-fragment=\"1\" class=\"Apple-converted-space\">Bottes marrons \u00e0 talon compens\u00e9<\/span><\/p>\n<p data-mce-fragment=\"1\" class=\"p1\">Marque : Maison Margiela<\/p>\n<p data-mce-fragment=\"1\" class=\"p1\">Composition : Cuir<\/p>\n<p>Taille : 38\u00a0<br \/><span style=\"font-family: -apple-system, BlinkMacSystemFont, 'San Francisco', 'Segoe UI', Roboto, 'Helvetica Neue', sans-serif;font-size: 0.875rem\"><br \/>Hauteur talons : 10 cm<\/span><\/p>\n<p data-mce-fragment=\"1\" class=\"p1\">\u00c9tat : Tr\u00e8s bon \u00e9tat, l\u00e9g\u00e8re usure\u00a0<\/p>\n<p><!--td {border: 1px solid #cccccc;}br {mso-data-placement:same-cell;}--><\/p>\n","protected":false},"excerpt":{"rendered":"<p>Bottes marrons \u00e0 talon compens\u00e9 Marque : Maison Margiela Composition : Cuir Taille : 38\u00a0Hauteur talons : 10 cm \u00c9tat : Tr\u00e8s bon \u00e9tat, l\u00e9g\u00e8re usure\u00a0<\/p>\n","protected":false},"featured_media":770173,"comment_status":"open","ping_status":"closed","template":"","meta":[],"product_brand":[],"product_cat":[1756,1763],"product_tag":[2122],"acf":[],"_links":{"self":[{"href":"https:\/\/streetmarkets.fr\/app\/wp-json\/wp\/v2\/product\/770172"}],"collection":[{"href":"https:\/\/streetmarkets.fr\/app\/wp-json\/wp\/v2\/product"}],"about":[{"href":"https:\/\/streetmarkets.fr\/app\/wp-json\/wp\/v2\/types\/product"}],"replies":[{"embeddable":true,"href":"https:\/\/streetmarkets.fr\/app\/wp-json\/wp\/v2\/comments?post=770172"}],"wp:featuredmedia":[{"embeddable":true,"href":"https:\/\/streetmarkets.fr\/app\/wp-json\/wp\/v2\/media\/770173"}],"wp:attachment":[{"href":"https:\/\/streetmarkets.fr\/app\/wp-json\/wp\/v2\/media?parent=770172"}],"wp:term":[{"taxonomy":"product_brand","embeddable":true,"href":"https:\/\/streetmarkets.fr\/app\/wp-json\/wp\/v2\/product_brand?post=770172"},{"taxonomy":"product_cat","embeddable":true,"href":"https:\/\/streetmarkets.fr\/app\/wp-json\/wp\/v2\/product_cat?post=770172"},{"taxonomy":"product_tag","embeddable":true,"href":"https:\/\/streetmarkets.fr\/app\/wp-json\/wp\/v2\/product_tag?post=770172"}],"curies":[{"name":"wp","href":"https:\/\/api.w.org\/{rel}","templated":true}]}}