{"id":770168,"date":"2024-10-21T18:08:35","date_gmt":"2024-10-21T16:08:35","guid":{"rendered":"https:\/\/streetmarkets.fr\/app\/produit\/chaussures-a-talons-spectaculaires\/"},"modified":"2026-05-03T07:39:41","modified_gmt":"2026-05-03T05:39:41","slug":"chaussures-a-talons-spectaculaires","status":"publish","type":"product","link":"https:\/\/streetmarkets.fr\/app\/produit\/chaussures-a-talons-spectaculaires\/","title":{"rendered":"Chaussures \u00e0 talons spectaculaires"},"content":{"rendered":"<p>Chaussures en cuir et tissu noir<br \/>Talon spectaculaire<br \/>Fabriqu\u00e9 en Italie\u00a0<\/p>\n<p>Marque : Dries Van Noten<\/p>\n<p>Taille : 37\u00a0<\/p>\n<p>Hauteur du talon : 10 cm<\/p>\n<p>\u00c9tat : Tr\u00e8s bon \u00e9tat<\/p>\n","protected":false},"excerpt":{"rendered":"<p>Chaussures en cuir et tissu noirTalon spectaculaireFabriqu\u00e9 en Italie\u00a0 Marque : Dries Van Noten Taille : 37\u00a0 Hauteur du talon : 10 cm \u00c9tat : Tr\u00e8s bon \u00e9tat<\/p>\n","protected":false},"featured_media":770169,"comment_status":"open","ping_status":"closed","template":"","meta":[],"product_brand":[],"product_cat":[1756,1763],"product_tag":[2122],"acf":[],"_links":{"self":[{"href":"https:\/\/streetmarkets.fr\/app\/wp-json\/wp\/v2\/product\/770168"}],"collection":[{"href":"https:\/\/streetmarkets.fr\/app\/wp-json\/wp\/v2\/product"}],"about":[{"href":"https:\/\/streetmarkets.fr\/app\/wp-json\/wp\/v2\/types\/product"}],"replies":[{"embeddable":true,"href":"https:\/\/streetmarkets.fr\/app\/wp-json\/wp\/v2\/comments?post=770168"}],"wp:featuredmedia":[{"embeddable":true,"href":"https:\/\/streetmarkets.fr\/app\/wp-json\/wp\/v2\/media\/770169"}],"wp:attachment":[{"href":"https:\/\/streetmarkets.fr\/app\/wp-json\/wp\/v2\/media?parent=770168"}],"wp:term":[{"taxonomy":"product_brand","embeddable":true,"href":"https:\/\/streetmarkets.fr\/app\/wp-json\/wp\/v2\/product_brand?post=770168"},{"taxonomy":"product_cat","embeddable":true,"href":"https:\/\/streetmarkets.fr\/app\/wp-json\/wp\/v2\/product_cat?post=770168"},{"taxonomy":"product_tag","embeddable":true,"href":"https:\/\/streetmarkets.fr\/app\/wp-json\/wp\/v2\/product_tag?post=770168"}],"curies":[{"name":"wp","href":"https:\/\/api.w.org\/{rel}","templated":true}]}}