{"id":770163,"date":"2024-10-21T18:08:34","date_gmt":"2024-10-21T16:08:34","guid":{"rendered":"https:\/\/streetmarkets.fr\/app\/produit\/sandales-zebre\/"},"modified":"2026-04-12T07:39:38","modified_gmt":"2026-04-12T05:39:38","slug":"sandales-zebre","status":"publish","type":"product","link":"https:\/\/streetmarkets.fr\/app\/produit\/sandales-zebre\/","title":{"rendered":"Sandales z\u00e8bre"},"content":{"rendered":"<p data-mce-fragment=\"1\" class=\"p1\"><span data-mce-fragment=\"1\" class=\"Apple-converted-space\">Sandales plates z\u00e8bre vintage <br \/><\/span><span data-mce-fragment=\"1\" class=\"Apple-converted-space\">D\u00e9cor bijou &#8220;corne&#8221;<br \/><\/span><span style=\"font-family: -apple-system, BlinkMacSystemFont, 'San Francisco', 'Segoe UI', Roboto, 'Helvetica Neue', sans-serif;font-size: 0.875rem\">Fabriqu\u00e9 en Italie<\/span><\/p>\n<p data-mce-fragment=\"1\" class=\"p1\">Marque : Yves Saint Laurent &#8211; rive gauche<\/p>\n<p data-mce-fragment=\"1\" class=\"p1\">Composition : Cuir imprim\u00e9 z\u00e8bre\u00a0<\/p>\n<p data-mce-fragment=\"1\" class=\"p1\">Taille : 38\u00a0<\/p>\n<p data-mce-fragment=\"1\" class=\"p1\">\u00c9tat : Tr\u00e8s bon \u00e9tat<\/p>\n","protected":false},"excerpt":{"rendered":"<p>Sandales plates z\u00e8bre vintage D\u00e9cor bijou &#8220;corne&#8221;Fabriqu\u00e9 en Italie Marque : Yves Saint Laurent &#8211; rive gauche Composition : Cuir imprim\u00e9 z\u00e8bre\u00a0 Taille : 38\u00a0 \u00c9tat : Tr\u00e8s bon \u00e9tat<\/p>\n","protected":false},"featured_media":770164,"comment_status":"open","ping_status":"closed","template":"","meta":[],"product_brand":[],"product_cat":[1756,1763],"product_tag":[2122],"acf":[],"_links":{"self":[{"href":"https:\/\/streetmarkets.fr\/app\/wp-json\/wp\/v2\/product\/770163"}],"collection":[{"href":"https:\/\/streetmarkets.fr\/app\/wp-json\/wp\/v2\/product"}],"about":[{"href":"https:\/\/streetmarkets.fr\/app\/wp-json\/wp\/v2\/types\/product"}],"replies":[{"embeddable":true,"href":"https:\/\/streetmarkets.fr\/app\/wp-json\/wp\/v2\/comments?post=770163"}],"wp:featuredmedia":[{"embeddable":true,"href":"https:\/\/streetmarkets.fr\/app\/wp-json\/wp\/v2\/media\/770164"}],"wp:attachment":[{"href":"https:\/\/streetmarkets.fr\/app\/wp-json\/wp\/v2\/media?parent=770163"}],"wp:term":[{"taxonomy":"product_brand","embeddable":true,"href":"https:\/\/streetmarkets.fr\/app\/wp-json\/wp\/v2\/product_brand?post=770163"},{"taxonomy":"product_cat","embeddable":true,"href":"https:\/\/streetmarkets.fr\/app\/wp-json\/wp\/v2\/product_cat?post=770163"},{"taxonomy":"product_tag","embeddable":true,"href":"https:\/\/streetmarkets.fr\/app\/wp-json\/wp\/v2\/product_tag?post=770163"}],"curies":[{"name":"wp","href":"https:\/\/api.w.org\/{rel}","templated":true}]}}