{"id":770155,"date":"2024-10-21T18:08:34","date_gmt":"2024-10-21T16:08:34","guid":{"rendered":"https:\/\/streetmarkets.fr\/app\/produit\/pantalon-bleu-irise\/"},"modified":"2026-04-14T07:39:51","modified_gmt":"2026-04-14T05:39:51","slug":"pantalon-bleu-irise","status":"publish","type":"product","link":"https:\/\/streetmarkets.fr\/app\/produit\/pantalon-bleu-irise\/","title":{"rendered":"Pantalon bleu iris\u00e9 Guy Laroche"},"content":{"rendered":"<p class=\"p1\">Pantalon bleu iris\u00e9 vintage, coupe carotte\u00a0<br \/>Deux poches avants, aucune \u00e0 l\u2019arri\u00e8re <br \/>Passants tout le long<\/p>\n<p>Marque : Guy Laroche, ligne couture<\/p>\n<p>Mesures pantalon : Taille 38 cm, longueur 102 cm, entrejambes 78 cm<\/p>\n<p>Taille : Correspond \u00e0 une taille S<\/p>\n<p>\u00c9tat : Tr\u00e8s bon \u00e9tat<\/p>\n","protected":false},"excerpt":{"rendered":"<p>Pantalon bleu iris\u00e9 vintage, coupe carotte\u00a0Deux poches avants, aucune \u00e0 l\u2019arri\u00e8re Passants tout le long Marque : Guy Laroche, ligne couture Mesures pantalon : Taille 38 cm, longueur 102 cm, entrejambes 78 cm Taille : Correspond \u00e0 une taille S \u00c9tat : Tr\u00e8s bon \u00e9tat<\/p>\n","protected":false},"featured_media":770156,"comment_status":"open","ping_status":"closed","template":"","meta":[],"product_brand":[],"product_cat":[1756,1762],"product_tag":[2122],"acf":[],"_links":{"self":[{"href":"https:\/\/streetmarkets.fr\/app\/wp-json\/wp\/v2\/product\/770155"}],"collection":[{"href":"https:\/\/streetmarkets.fr\/app\/wp-json\/wp\/v2\/product"}],"about":[{"href":"https:\/\/streetmarkets.fr\/app\/wp-json\/wp\/v2\/types\/product"}],"replies":[{"embeddable":true,"href":"https:\/\/streetmarkets.fr\/app\/wp-json\/wp\/v2\/comments?post=770155"}],"wp:featuredmedia":[{"embeddable":true,"href":"https:\/\/streetmarkets.fr\/app\/wp-json\/wp\/v2\/media\/770156"}],"wp:attachment":[{"href":"https:\/\/streetmarkets.fr\/app\/wp-json\/wp\/v2\/media?parent=770155"}],"wp:term":[{"taxonomy":"product_brand","embeddable":true,"href":"https:\/\/streetmarkets.fr\/app\/wp-json\/wp\/v2\/product_brand?post=770155"},{"taxonomy":"product_cat","embeddable":true,"href":"https:\/\/streetmarkets.fr\/app\/wp-json\/wp\/v2\/product_cat?post=770155"},{"taxonomy":"product_tag","embeddable":true,"href":"https:\/\/streetmarkets.fr\/app\/wp-json\/wp\/v2\/product_tag?post=770155"}],"curies":[{"name":"wp","href":"https:\/\/api.w.org\/{rel}","templated":true}]}}