{"id":770147,"date":"2024-10-21T18:08:33","date_gmt":"2024-10-21T16:08:33","guid":{"rendered":"https:\/\/streetmarkets.fr\/app\/produit\/jupe-kaki-a-motif\/"},"modified":"2026-05-08T07:39:37","modified_gmt":"2026-05-08T05:39:37","slug":"jupe-kaki-a-motif","status":"publish","type":"product","link":"https:\/\/streetmarkets.fr\/app\/produit\/jupe-kaki-a-motif\/","title":{"rendered":"Jupe kaki \u00e0 motif"},"content":{"rendered":"<p class=\"p1\">Jupe kaki vintage mi longue <br \/>Deux grandes poches devant <br \/>Fabriqu\u00e9 en France<\/p>\n<p>Marque : Yves Saint Laurent, rive gauche<\/p>\n<p>Mesures : Taille : 37 cm, longueur : 53 cm<\/p>\n<p>Taille : Indiqu\u00e9 40, correspond \u00e0 M<\/p>\n<p>\u00c9tat : Tr\u00e8s bon \u00e9tat<\/p>\n","protected":false},"excerpt":{"rendered":"<p>Jupe kaki vintage mi longue Deux grandes poches devant Fabriqu\u00e9 en France Marque : Yves Saint Laurent, rive gauche Mesures : Taille : 37 cm, longueur : 53 cm Taille : Indiqu\u00e9 40, correspond \u00e0 M \u00c9tat : Tr\u00e8s bon \u00e9tat<\/p>\n","protected":false},"featured_media":770148,"comment_status":"open","ping_status":"closed","template":"","meta":[],"product_brand":[],"product_cat":[1756,1762],"product_tag":[2122],"acf":[],"_links":{"self":[{"href":"https:\/\/streetmarkets.fr\/app\/wp-json\/wp\/v2\/product\/770147"}],"collection":[{"href":"https:\/\/streetmarkets.fr\/app\/wp-json\/wp\/v2\/product"}],"about":[{"href":"https:\/\/streetmarkets.fr\/app\/wp-json\/wp\/v2\/types\/product"}],"replies":[{"embeddable":true,"href":"https:\/\/streetmarkets.fr\/app\/wp-json\/wp\/v2\/comments?post=770147"}],"wp:featuredmedia":[{"embeddable":true,"href":"https:\/\/streetmarkets.fr\/app\/wp-json\/wp\/v2\/media\/770148"}],"wp:attachment":[{"href":"https:\/\/streetmarkets.fr\/app\/wp-json\/wp\/v2\/media?parent=770147"}],"wp:term":[{"taxonomy":"product_brand","embeddable":true,"href":"https:\/\/streetmarkets.fr\/app\/wp-json\/wp\/v2\/product_brand?post=770147"},{"taxonomy":"product_cat","embeddable":true,"href":"https:\/\/streetmarkets.fr\/app\/wp-json\/wp\/v2\/product_cat?post=770147"},{"taxonomy":"product_tag","embeddable":true,"href":"https:\/\/streetmarkets.fr\/app\/wp-json\/wp\/v2\/product_tag?post=770147"}],"curies":[{"name":"wp","href":"https:\/\/api.w.org\/{rel}","templated":true}]}}