{"id":770137,"date":"2024-10-21T18:08:33","date_gmt":"2024-10-21T16:08:33","guid":{"rendered":"https:\/\/streetmarkets.fr\/app\/produit\/robe-en-denim\/"},"modified":"2026-05-08T07:39:36","modified_gmt":"2026-05-08T05:39:36","slug":"robe-en-denim","status":"publish","type":"product","link":"https:\/\/streetmarkets.fr\/app\/produit\/robe-en-denim\/","title":{"rendered":"Robe en denim"},"content":{"rendered":"<p class=\"p1\" data-mce-fragment=\"1\"><span class=\"Apple-converted-space\" data-mce-fragment=\"1\">Robe 2019 Printemps \/ \u00e9t\u00e9 en jeans Miu Miu<br \/><\/span><span style=\"font-family: -apple-system, BlinkMacSystemFont, 'San Francisco', 'Segoe UI', Roboto, 'Helvetica Neue', sans-serif;font-size: 0.875rem\">D\u00e9tails satin sur l&#8217;\u00e9paule et \u00e0 l&#8217;arri\u00e8re, jean effet d\u00e9lav\u00e9 et effet d\u00e9chir\u00e9, boutons pressions<br \/><\/span><span style=\"font-family: -apple-system, BlinkMacSystemFont, 'San Francisco', 'Segoe UI', Roboto, 'Helvetica Neue', sans-serif;font-size: 0.875rem\">Fabriqu\u00e9 en France<\/span><\/p>\n<p class=\"p1\" data-mce-fragment=\"1\">Marque : Miu Miu<\/p>\n<p>Composition : Coton, satin<\/p>\n<p class=\"p1\" data-mce-fragment=\"1\">Mesures : \u00c9paules 42 cm, poitrine 55 cm, longueur dos 125 cm<\/p>\n<p class=\"p1\" data-mce-fragment=\"1\">Taille : Indiqu\u00e9 42, correspond \u00e0 M<\/p>\n<p class=\"p1\" data-mce-fragment=\"1\">\u00c9tat : Tr\u00e8s bon \u00e9tat<\/p>\n","protected":false},"excerpt":{"rendered":"<p>Robe 2019 Printemps \/ \u00e9t\u00e9 en jeans Miu MiuD\u00e9tails satin sur l&#8217;\u00e9paule et \u00e0 l&#8217;arri\u00e8re, jean effet d\u00e9lav\u00e9 et effet d\u00e9chir\u00e9, boutons pressionsFabriqu\u00e9 en France Marque : Miu Miu Composition : Coton, satin Mesures : \u00c9paules 42 cm, poitrine 55 cm, longueur dos 125 cm Taille : Indiqu\u00e9 42, correspond \u00e0 M \u00c9tat : Tr\u00e8s [&hellip;]<\/p>\n","protected":false},"featured_media":770138,"comment_status":"open","ping_status":"closed","template":"","meta":[],"product_brand":[],"product_cat":[1756,1762],"product_tag":[2122],"acf":[],"_links":{"self":[{"href":"https:\/\/streetmarkets.fr\/app\/wp-json\/wp\/v2\/product\/770137"}],"collection":[{"href":"https:\/\/streetmarkets.fr\/app\/wp-json\/wp\/v2\/product"}],"about":[{"href":"https:\/\/streetmarkets.fr\/app\/wp-json\/wp\/v2\/types\/product"}],"replies":[{"embeddable":true,"href":"https:\/\/streetmarkets.fr\/app\/wp-json\/wp\/v2\/comments?post=770137"}],"wp:featuredmedia":[{"embeddable":true,"href":"https:\/\/streetmarkets.fr\/app\/wp-json\/wp\/v2\/media\/770138"}],"wp:attachment":[{"href":"https:\/\/streetmarkets.fr\/app\/wp-json\/wp\/v2\/media?parent=770137"}],"wp:term":[{"taxonomy":"product_brand","embeddable":true,"href":"https:\/\/streetmarkets.fr\/app\/wp-json\/wp\/v2\/product_brand?post=770137"},{"taxonomy":"product_cat","embeddable":true,"href":"https:\/\/streetmarkets.fr\/app\/wp-json\/wp\/v2\/product_cat?post=770137"},{"taxonomy":"product_tag","embeddable":true,"href":"https:\/\/streetmarkets.fr\/app\/wp-json\/wp\/v2\/product_tag?post=770137"}],"curies":[{"name":"wp","href":"https:\/\/api.w.org\/{rel}","templated":true}]}}