{"id":770070,"date":"2024-10-21T18:08:28","date_gmt":"2024-10-21T16:08:28","guid":{"rendered":"https:\/\/streetmarkets.fr\/app\/produit\/1990s-lagerfeld\/"},"modified":"2026-05-05T07:39:44","modified_gmt":"2026-05-05T05:39:44","slug":"1990s-lagerfeld","status":"publish","type":"product","link":"https:\/\/streetmarkets.fr\/app\/produit\/1990s-lagerfeld\/","title":{"rendered":"1990s Lagerfeld"},"content":{"rendered":"<p>Fabriqu\u00e9es en ac\u00e9tate de premi\u00e8re qualit\u00e9 en Italie.<\/p>\n<p>Avec une protection UV 400, chaque paire est livr\u00e9e avec un \u00e9tui \u00e0 lunettes de soleil Gafas Galore et un chiffon de nettoyage pratique.<\/p>\n<p>Mesures :\u00a0<\/p>\n<ul>\n<li>Hauteur de la lentille : 4 cm<\/li>\n<li>Largeur de la lentille : 5 cm<\/li>\n<li>Largeur de la monture : 14 cm<\/li>\n<li>Largeur du pont : 2 cm<\/li>\n<li>Longueur des branches : 14.3 cm<\/li>\n<\/ul>\n","protected":false},"excerpt":{"rendered":"<p>Fabriqu\u00e9es en ac\u00e9tate de premi\u00e8re qualit\u00e9 en Italie. Avec une protection UV 400, chaque paire est livr\u00e9e avec un \u00e9tui \u00e0 lunettes de soleil Gafas Galore et un chiffon de nettoyage pratique. Mesures :\u00a0 Hauteur de la lentille : 4 cm Largeur de la lentille : 5 cm Largeur de la monture : 14 cm [&hellip;]<\/p>\n","protected":false},"featured_media":770071,"comment_status":"open","ping_status":"closed","template":"","meta":[],"product_brand":[],"product_cat":[1756,1764],"product_tag":[2122],"acf":[],"_links":{"self":[{"href":"https:\/\/streetmarkets.fr\/app\/wp-json\/wp\/v2\/product\/770070"}],"collection":[{"href":"https:\/\/streetmarkets.fr\/app\/wp-json\/wp\/v2\/product"}],"about":[{"href":"https:\/\/streetmarkets.fr\/app\/wp-json\/wp\/v2\/types\/product"}],"replies":[{"embeddable":true,"href":"https:\/\/streetmarkets.fr\/app\/wp-json\/wp\/v2\/comments?post=770070"}],"wp:featuredmedia":[{"embeddable":true,"href":"https:\/\/streetmarkets.fr\/app\/wp-json\/wp\/v2\/media\/770071"}],"wp:attachment":[{"href":"https:\/\/streetmarkets.fr\/app\/wp-json\/wp\/v2\/media?parent=770070"}],"wp:term":[{"taxonomy":"product_brand","embeddable":true,"href":"https:\/\/streetmarkets.fr\/app\/wp-json\/wp\/v2\/product_brand?post=770070"},{"taxonomy":"product_cat","embeddable":true,"href":"https:\/\/streetmarkets.fr\/app\/wp-json\/wp\/v2\/product_cat?post=770070"},{"taxonomy":"product_tag","embeddable":true,"href":"https:\/\/streetmarkets.fr\/app\/wp-json\/wp\/v2\/product_tag?post=770070"}],"curies":[{"name":"wp","href":"https:\/\/api.w.org\/{rel}","templated":true}]}}