{"id":769956,"date":"2024-10-21T18:07:50","date_gmt":"2024-10-21T16:07:50","guid":{"rendered":"https:\/\/streetmarkets.fr\/app\/produit\/broche-soleil\/"},"modified":"2026-04-26T07:39:29","modified_gmt":"2026-04-26T05:39:29","slug":"broche-soleil","status":"publish","type":"product","link":"https:\/\/streetmarkets.fr\/app\/produit\/broche-soleil\/","title":{"rendered":"Broche soleil"},"content":{"rendered":"<p class=\"p1\">Broche en m\u00e9tal dor\u00e9 figurant un soleil. Bijou datant des ann\u00e9es 1990.<br \/>Fabriqu\u00e9 en France.<\/p>\n<p class=\"p1\">Sign\u00e9 : Christian Lacroix<\/p>\n<p class=\"p1\">Diam\u00e8tre : 8 cm<\/p>\n","protected":false},"excerpt":{"rendered":"<p>Broche en m\u00e9tal dor\u00e9 figurant un soleil. Bijou datant des ann\u00e9es 1990.Fabriqu\u00e9 en France. Sign\u00e9 : Christian Lacroix Diam\u00e8tre : 8 cm<\/p>\n","protected":false},"featured_media":769957,"comment_status":"open","ping_status":"closed","template":"","meta":[],"product_brand":[],"product_cat":[1807,1756],"product_tag":[2122],"acf":[],"_links":{"self":[{"href":"https:\/\/streetmarkets.fr\/app\/wp-json\/wp\/v2\/product\/769956"}],"collection":[{"href":"https:\/\/streetmarkets.fr\/app\/wp-json\/wp\/v2\/product"}],"about":[{"href":"https:\/\/streetmarkets.fr\/app\/wp-json\/wp\/v2\/types\/product"}],"replies":[{"embeddable":true,"href":"https:\/\/streetmarkets.fr\/app\/wp-json\/wp\/v2\/comments?post=769956"}],"wp:featuredmedia":[{"embeddable":true,"href":"https:\/\/streetmarkets.fr\/app\/wp-json\/wp\/v2\/media\/769957"}],"wp:attachment":[{"href":"https:\/\/streetmarkets.fr\/app\/wp-json\/wp\/v2\/media?parent=769956"}],"wp:term":[{"taxonomy":"product_brand","embeddable":true,"href":"https:\/\/streetmarkets.fr\/app\/wp-json\/wp\/v2\/product_brand?post=769956"},{"taxonomy":"product_cat","embeddable":true,"href":"https:\/\/streetmarkets.fr\/app\/wp-json\/wp\/v2\/product_cat?post=769956"},{"taxonomy":"product_tag","embeddable":true,"href":"https:\/\/streetmarkets.fr\/app\/wp-json\/wp\/v2\/product_tag?post=769956"}],"curies":[{"name":"wp","href":"https:\/\/api.w.org\/{rel}","templated":true}]}}