{"id":769934,"date":"2024-10-21T18:07:48","date_gmt":"2024-10-21T16:07:48","guid":{"rendered":"https:\/\/streetmarkets.fr\/app\/produit\/santiags\/"},"modified":"2026-05-05T07:39:43","modified_gmt":"2026-05-05T05:39:43","slug":"santiags","status":"publish","type":"product","link":"https:\/\/streetmarkets.fr\/app\/produit\/santiags\/","title":{"rendered":"Santiags"},"content":{"rendered":"<p class=\"p1\">Santiags en cuir Miu Miu<br \/><span style=\"font-family: -apple-system, BlinkMacSystemFont, 'San Francisco', 'Segoe UI', Roboto, 'Helvetica Neue', sans-serif;font-size: 0.875rem\">Couleur cr\u00e8me, vert fonc\u00e9, rouge et jaune<br \/><\/span><span style=\"font-family: -apple-system, BlinkMacSystemFont, 'San Francisco', 'Segoe UI', Roboto, 'Helvetica Neue', sans-serif;font-size: 0.875rem\">Fabriqu\u00e9 en Italie<\/p>\n<p>Marque : Miu Miu<\/span><\/p>\n<p class=\"p1\">Taille : 37,5<\/p>\n<p class=\"p1\">Hauteur du talon : 7 cm<\/p>\n<p>\u00c9tat : Tr\u00e8s bon \u00e9tat\u00a0<\/p>\n","protected":false},"excerpt":{"rendered":"<p>Santiags en cuir Miu MiuCouleur cr\u00e8me, vert fonc\u00e9, rouge et jauneFabriqu\u00e9 en Italie Marque : Miu Miu Taille : 37,5 Hauteur du talon : 7 cm \u00c9tat : Tr\u00e8s bon \u00e9tat\u00a0<\/p>\n","protected":false},"featured_media":769935,"comment_status":"open","ping_status":"closed","template":"","meta":[],"product_brand":[],"product_cat":[1756,1763],"product_tag":[2122],"acf":[],"_links":{"self":[{"href":"https:\/\/streetmarkets.fr\/app\/wp-json\/wp\/v2\/product\/769934"}],"collection":[{"href":"https:\/\/streetmarkets.fr\/app\/wp-json\/wp\/v2\/product"}],"about":[{"href":"https:\/\/streetmarkets.fr\/app\/wp-json\/wp\/v2\/types\/product"}],"replies":[{"embeddable":true,"href":"https:\/\/streetmarkets.fr\/app\/wp-json\/wp\/v2\/comments?post=769934"}],"wp:featuredmedia":[{"embeddable":true,"href":"https:\/\/streetmarkets.fr\/app\/wp-json\/wp\/v2\/media\/769935"}],"wp:attachment":[{"href":"https:\/\/streetmarkets.fr\/app\/wp-json\/wp\/v2\/media?parent=769934"}],"wp:term":[{"taxonomy":"product_brand","embeddable":true,"href":"https:\/\/streetmarkets.fr\/app\/wp-json\/wp\/v2\/product_brand?post=769934"},{"taxonomy":"product_cat","embeddable":true,"href":"https:\/\/streetmarkets.fr\/app\/wp-json\/wp\/v2\/product_cat?post=769934"},{"taxonomy":"product_tag","embeddable":true,"href":"https:\/\/streetmarkets.fr\/app\/wp-json\/wp\/v2\/product_tag?post=769934"}],"curies":[{"name":"wp","href":"https:\/\/api.w.org\/{rel}","templated":true}]}}