{"id":769221,"date":"2024-10-21T10:50:36","date_gmt":"2024-10-21T08:50:36","guid":{"rendered":"https:\/\/streetmarkets.fr\/app\/produit\/chloe-stripes-bikini\/"},"modified":"2026-05-07T04:42:34","modified_gmt":"2026-05-07T02:42:34","slug":"chloe-stripes-bikini","status":"publish","type":"product","link":"https:\/\/streetmarkets.fr\/app\/produit\/chloe-stripes-bikini\/","title":{"rendered":"Chlo\u00e9 Stripes Bikini"},"content":{"rendered":"<p>Flat measurements:<br \/>\nChest: 34 cm<br \/>\nWaist: 36 cm<\/p>\n<p>Chlo\u00e9 stripes bikini. Top with boning. Back fastening with Chlo\u00e9 hardware. Chlo\u00e9 written on the bottom. Nice cross sheer details on the top and bottom. Marked as size 42 but it is a size S\/M. Viscose, nylon and spandex. Made in Italy. <\/p>\n","protected":false},"excerpt":{"rendered":"<p>Flat measurements: Chest: 34 cm Waist: 36 cm Chlo\u00e9 stripes bikini. Top with boning. Back fastening with Chlo\u00e9 hardware. Chlo\u00e9 written on the bottom. Nice cross sheer details on the top and bottom. Marked as size 42 but it is a size S\/M. Viscose, nylon and spandex. Made in Italy.<\/p>\n","protected":false},"featured_media":769222,"comment_status":"open","ping_status":"closed","template":"","meta":[],"product_brand":[],"product_cat":[1761,1762],"product_tag":[2122],"acf":[],"_links":{"self":[{"href":"https:\/\/streetmarkets.fr\/app\/wp-json\/wp\/v2\/product\/769221"}],"collection":[{"href":"https:\/\/streetmarkets.fr\/app\/wp-json\/wp\/v2\/product"}],"about":[{"href":"https:\/\/streetmarkets.fr\/app\/wp-json\/wp\/v2\/types\/product"}],"replies":[{"embeddable":true,"href":"https:\/\/streetmarkets.fr\/app\/wp-json\/wp\/v2\/comments?post=769221"}],"wp:featuredmedia":[{"embeddable":true,"href":"https:\/\/streetmarkets.fr\/app\/wp-json\/wp\/v2\/media\/769222"}],"wp:attachment":[{"href":"https:\/\/streetmarkets.fr\/app\/wp-json\/wp\/v2\/media?parent=769221"}],"wp:term":[{"taxonomy":"product_brand","embeddable":true,"href":"https:\/\/streetmarkets.fr\/app\/wp-json\/wp\/v2\/product_brand?post=769221"},{"taxonomy":"product_cat","embeddable":true,"href":"https:\/\/streetmarkets.fr\/app\/wp-json\/wp\/v2\/product_cat?post=769221"},{"taxonomy":"product_tag","embeddable":true,"href":"https:\/\/streetmarkets.fr\/app\/wp-json\/wp\/v2\/product_tag?post=769221"}],"curies":[{"name":"wp","href":"https:\/\/api.w.org\/{rel}","templated":true}]}}