{"id":761623,"date":"2024-10-20T00:30:05","date_gmt":"2024-10-19T22:30:05","guid":{"rendered":"https:\/\/streetmarkets.fr\/app\/produit\/boutique-bottines-derby-boots-lacets-chataigne-pralin-en-cuir-marron-prix-boutique-850-taille-41-louise-paris\/"},"modified":"2026-04-30T00:27:31","modified_gmt":"2026-04-29T22:27:31","slug":"boutique-bottines-derby-boots-lacets-chataigne-pralin-en-cuir-marron-prix-boutique-850-taille-41-louise-paris","status":"publish","type":"product","link":"https:\/\/streetmarkets.fr\/app\/produit\/boutique-bottines-derby-boots-lacets-chataigne-pralin-en-cuir-marron-prix-boutique-850-taille-41-louise-paris\/","title":{"rendered":"Boutique Bottines Derby boots &agrave; lacets chataigne pralin&eacute; en cuir marron Prix boutique 850 &euro; Taille 41 &#8211; Louise Paris"},"content":{"rendered":"<p>Superbes bottines Homme de la Maison fran\u00e7aise de souliers luxe J.M Weston fond\u00e9e en 1891. Chaussures de luxe FABRIQUEES A LA MAIN EN FRANCE. Prix boutique 850 \u20ac.Taill\u00e9es dans le luxueux cuir grain\u00e9 marron et orn\u00e9es de d\u00e9tails Richelieu traditionnels , ces bottines sont une merveille d\u2019\u00e9l\u00e9gance id\u00e9ales pour une visite \u00e0 la campagne comme pour une sortie en ville.Confectionn\u00e9es dans la manufacture J.M Weston de Limoge, ces bottines en cuir signent une allure \u00e9l\u00e9gante et intemporelle. Le soulier, manufactur\u00e9 \u00e0 la main depuis des d\u00e9c\u00e9nies, a h\u00e9rit\u00e9 du savoir faire tout particulier de la maison fran\u00e7aise. En effet, le cuir de veau et le semelage de ces boots sont des \u00e9l\u00e9ments qui affirment par ses lignes un soin tout particulier.Il s&#8217;agit d&#8217;un cuir grain\u00e9, non recouvert, exceptionnel dans la qualit\u00e9 des peaux choisies et d\u00e9coup\u00e9 dans les parties les plus nobles de la peau, \u00e9cartant tout d\u00e9faut.Portez-les en toute simplicit\u00e9 avec un Jean noir et un pull en cachemire ou avec un costume. Confectionn\u00e9 avec la plus grande expertise, ces chaussures dureront des ann\u00e9es.Chaussures bottines \u00e0 lacets.Cuir fleuri grain\u00e9 de veau.Couleur marron fonc\u00e9. Enti\u00e8rement doubl\u00e9 de cuir.Bout en amande.Semelle en gomme dot\u00e9e de la technologie Goodyear.Taille 7, correspondant \u00e0 un vrai 41.Excellent \u00e9tat, peu port\u00e9es. https:\/\/eu.jmweston.com\/ Je (Elo\u00efse, fondatrice du site) authentifie toutes les pi\u00e8ces. Mon experience dans le luxe et ma passion pour cet univers m&#8217;ont permis d&#8217;acqu\u00e9rir une excellente connaissance des produits.Toutes les pi\u00e8ces transitent par le showroom pour que je puisse en \u00e9valuer l&#8217;authenticit\u00e9. Je prends tout le temps necessaire pour \u00e9tudier la pi\u00e8ce dans les moindres d\u00e9tails et contacte directement les Maisons de Couture si j&#8217;ai le moindre doute.Les pi\u00e8ces proviennent des dressings de particuliers. Je les rach\u00e8te \u00e0 des personnes qui travaillent dans des Maisons de couture parisiennes ou \u00e0 des accros du shopping.Je n\u2019exige pas les certificats d\u2019authenticit\u00e9 et je ne les fournis pas non plus ou rarement.Les certificats ne sont pas d&#8217;une grande utilit\u00e9 car ils sont tr\u00e8s facilement falsifiables, il est beaucoup plus facile de contrefaire une carte qu&#8217;un sac complet et nous noterez par exemple que les contrefa\u00e7ons de sacs de luxe vendues sur ebay ont toutes des certificats d&#8217;authenticit\u00e9.De mani\u00e8re g\u00e9n\u00e9rale, il est tr\u00e8s facile de distinguer une contrefa\u00e7on d&#8217;un produit authentique, les pi\u00e8ces de luxe sont ch\u00e8res car cela co\u00fbte cher de les fabriquer.Il est ais\u00e9 de copier le design mais pour arriver au m\u00eame r\u00e9sultat il faut avoir des mati\u00e8res premi\u00e8res de qualit\u00e9 et le savoir faire qui permet d&#8217;obtenir des finitions proches de la perfection, ce qui n&#8217;est JAMAIS le cas des contrefa\u00e7ons.N&#8217;h\u00e9sitez pas \u00e0 me contacter contact@louiseparis.fr si vous avez des questions, je vous r\u00e9pondrai avec plaisir.Contactez-nous Vos commandes sont exp\u00e9di\u00e9es depuis notre showrooms \u00e0 Paris chaque lundi.Nous proposons deux modes de livraisonsen France:- Colissimo recommand\u00e9 par La Poste en 48h, 10\u20ac.- Retrait de votre commande au showroom \u00e0 Paris, surRENDEZ-VOUS UNIQUEMENT, notre adresse mail pour prendre rdvcontact@louiseparis.fr, gratuit.Nous proposons la livraison\u00e0 l&#8217;Internationalen colissimo recommand\u00e9.- Europe : 20\u20ac- Am\u00e9rique du Nord, Asie, Oc\u00e9anie, Am\u00e9rique centrale et Antille : 25\u20ac- Am\u00e9rique du sud : 30\u20ac. Nous vous recevons sur rendez-vous du lundi au dimanche de 9h \u00e0 21h pour essayer les pi\u00e8ces vendues sur Louise Paris ainsi que les robes de soir\u00e9es \u00e0 la location. Vous pouvez contacter Elo\u00efse par mail \u00e0 contact@louiseparis.fr ou par t\u00e9l\u00e9phone au 06 64 86 08 03 \/ 01 80 06 25 95 pour prendre rendez-vous.<\/p>\n","protected":false},"excerpt":{"rendered":"<p>Superbes bottines Homme de la Maison fran\u00e7aise de souliers luxe J.M Weston fond\u00e9e en 1891. Chaussures de luxe FABRIQUEES A LA MAIN EN FRANCE. Prix boutique 850 \u20ac.Taill\u00e9es dans le luxueux cuir grain\u00e9 marron et orn\u00e9es de d\u00e9tails Richelieu traditionnels , ces bottines sont une merveille d\u2019\u00e9l\u00e9gance id\u00e9ales pour une visite \u00e0 la campagne comme [&hellip;]<\/p>\n","protected":false},"featured_media":761624,"comment_status":"open","ping_status":"closed","template":"","meta":[],"product_brand":[],"product_cat":[1756,1759],"product_tag":[2122],"acf":[],"_links":{"self":[{"href":"https:\/\/streetmarkets.fr\/app\/wp-json\/wp\/v2\/product\/761623"}],"collection":[{"href":"https:\/\/streetmarkets.fr\/app\/wp-json\/wp\/v2\/product"}],"about":[{"href":"https:\/\/streetmarkets.fr\/app\/wp-json\/wp\/v2\/types\/product"}],"replies":[{"embeddable":true,"href":"https:\/\/streetmarkets.fr\/app\/wp-json\/wp\/v2\/comments?post=761623"}],"wp:featuredmedia":[{"embeddable":true,"href":"https:\/\/streetmarkets.fr\/app\/wp-json\/wp\/v2\/media\/761624"}],"wp:attachment":[{"href":"https:\/\/streetmarkets.fr\/app\/wp-json\/wp\/v2\/media?parent=761623"}],"wp:term":[{"taxonomy":"product_brand","embeddable":true,"href":"https:\/\/streetmarkets.fr\/app\/wp-json\/wp\/v2\/product_brand?post=761623"},{"taxonomy":"product_cat","embeddable":true,"href":"https:\/\/streetmarkets.fr\/app\/wp-json\/wp\/v2\/product_cat?post=761623"},{"taxonomy":"product_tag","embeddable":true,"href":"https:\/\/streetmarkets.fr\/app\/wp-json\/wp\/v2\/product_tag?post=761623"}],"curies":[{"name":"wp","href":"https:\/\/api.w.org\/{rel}","templated":true}]}}