{"id":759543,"date":"2024-10-19T02:19:04","date_gmt":"2024-10-19T00:19:04","guid":{"rendered":"https:\/\/streetmarkets.fr\/app\/produit\/pull-col-v-oversize-bandes-bicolore-leger-h24-femme-gris-chine-fonce\/"},"modified":"2025-01-06T01:14:04","modified_gmt":"2025-01-06T00:14:04","slug":"pull-col-v-oversize-bandes-bicolore-leger-h24-femme-gris-chine-fonce","status":"publish","type":"product","link":"https:\/\/streetmarkets.fr\/app\/produit\/pull-col-v-oversize-bandes-bicolore-leger-h24-femme-gris-chine-fonce\/","title":{"rendered":"Pull Col V Oversize Bandes Bicolore L\u00e9ger (H24 \/ FEMME \/ Gris Chin\u00e9 Fonc\u00e9)"},"content":{"rendered":"<p>Une maille l\u00e9g\u00e8re infiniment douce en cachemire s&#8217;invite sur ce pull long et oversize. Muni de bords c\u00f4tel\u00e9s et d&#8217;un d\u00e9collet\u00e9 en V, il r\u00e9v\u00e8le des bandes bicolores le long des manches pour structurer la silhouette avec \u00e9l\u00e9gance. Avec ses teintes vibrantes, ponctuez votre allure avec une jupe satin\u00e9e ou un jean d\u00e9contract\u00e9. <\/p>\n<p>&#8211; Pull long en cachemire l\u00e9ger certifi\u00e9 GCS\u00ae Femme<br \/>\n<br \/>&#8211; Bandes bicolores<br \/>\n<br \/>&#8211; Col V<br \/>\n<br \/>&#8211; Manches longues<br \/>\n<br \/>&#8211; Bords c\u00f4tel\u00e9s<br \/>\n<br \/>&#8211; Coupe oversize<br \/>\n<br \/>&#8211; Le Good Cashmere Standard\u00ae (GCS) est une norme ind\u00e9pendante pour un cachemire plus durable et plus responsable. Il vise \u00e0 am\u00e9liorer le bien-\u00eatre des ch\u00e8vres cachemire, les conditions de travail des \u00e9leveurs ainsi qu&#8217;\u00e0 prot\u00e9ger l&#8217;environnement.<\/p>\n","protected":false},"excerpt":{"rendered":"<p>Une maille l\u00e9g\u00e8re infiniment douce en cachemire s&#8217;invite sur ce pull long et oversize. Muni de bords c\u00f4tel\u00e9s et d&#8217;un d\u00e9collet\u00e9 en V, il r\u00e9v\u00e8le des bandes bicolores le long des manches pour structurer la silhouette avec \u00e9l\u00e9gance. Avec ses teintes vibrantes, ponctuez votre allure avec une jupe satin\u00e9e ou un jean d\u00e9contract\u00e9. &#8211; Pull [&hellip;]<\/p>\n","protected":false},"featured_media":759544,"comment_status":"open","ping_status":"closed","template":"","meta":[],"product_brand":[6868],"product_cat":[1756,1762],"product_tag":[2244],"acf":[],"_links":{"self":[{"href":"https:\/\/streetmarkets.fr\/app\/wp-json\/wp\/v2\/product\/759543"}],"collection":[{"href":"https:\/\/streetmarkets.fr\/app\/wp-json\/wp\/v2\/product"}],"about":[{"href":"https:\/\/streetmarkets.fr\/app\/wp-json\/wp\/v2\/types\/product"}],"replies":[{"embeddable":true,"href":"https:\/\/streetmarkets.fr\/app\/wp-json\/wp\/v2\/comments?post=759543"}],"wp:featuredmedia":[{"embeddable":true,"href":"https:\/\/streetmarkets.fr\/app\/wp-json\/wp\/v2\/media\/759544"}],"wp:attachment":[{"href":"https:\/\/streetmarkets.fr\/app\/wp-json\/wp\/v2\/media?parent=759543"}],"wp:term":[{"taxonomy":"product_brand","embeddable":true,"href":"https:\/\/streetmarkets.fr\/app\/wp-json\/wp\/v2\/product_brand?post=759543"},{"taxonomy":"product_cat","embeddable":true,"href":"https:\/\/streetmarkets.fr\/app\/wp-json\/wp\/v2\/product_cat?post=759543"},{"taxonomy":"product_tag","embeddable":true,"href":"https:\/\/streetmarkets.fr\/app\/wp-json\/wp\/v2\/product_tag?post=759543"}],"curies":[{"name":"wp","href":"https:\/\/api.w.org\/{rel}","templated":true}]}}