{"id":759362,"date":"2024-10-19T02:15:28","date_gmt":"2024-10-19T00:15:28","guid":{"rendered":"https:\/\/streetmarkets.fr\/app\/produit\/pull-col-v-basique-h24-femme-gris-chine-clair\/"},"modified":"2025-02-04T01:06:25","modified_gmt":"2025-02-04T00:06:25","slug":"pull-col-v-basique-h24-femme-gris-chine-clair","status":"publish","type":"product","link":"https:\/\/streetmarkets.fr\/app\/produit\/pull-col-v-basique-h24-femme-gris-chine-clair\/","title":{"rendered":"Pull Col V Basique (H24 \/ FEMME \/ Gris Chin\u00e9 Clair)"},"content":{"rendered":"<p>Un basique \u00e0 porter sans mod\u00e9ration : ce pull adopte une maille infiniment douce confectionn\u00e9e en cachemire. Muni d&#8217;un col V, de manches longues et de bords c\u00f4tel\u00e9s, il d\u00e9voile une coupe ajust\u00e9e au tomb\u00e9 impeccable. \u00c0 mixer avec tous les styles, associez-le \u00e0 un pantalon de tailleur ou une jupe structur\u00e9e.<\/p>\n<p>&#8211; Pull en cachemire certifi\u00e9 GCS\u00ae Femme<br \/>\n<br \/>&#8211; Col V<br \/>\n<br \/>&#8211; Manches longues<br \/>\n<br \/>&#8211; Bords c\u00f4tel\u00e9s<br \/>\n<br \/>&#8211; Coupe slim<br \/>\n<br \/>&#8211; Le Good Cashmere Standard\u00ae (GCS) est une norme ind\u00e9pendante pour un cachemire plus durable et plus responsable. Il vise \u00e0 am\u00e9liorer le bien-\u00eatre des ch\u00e8vres cachemire, les conditions de travail des \u00e9leveurs ainsi qu&#8217;\u00e0 prot\u00e9ger l&#8217;environnement.<br \/>&#8211; <u>Cachemire 2 fils<\/u> <\/p>\n","protected":false},"excerpt":{"rendered":"<p>Un basique \u00e0 porter sans mod\u00e9ration : ce pull adopte une maille infiniment douce confectionn\u00e9e en cachemire. Muni d&#8217;un col V, de manches longues et de bords c\u00f4tel\u00e9s, il d\u00e9voile une coupe ajust\u00e9e au tomb\u00e9 impeccable. \u00c0 mixer avec tous les styles, associez-le \u00e0 un pantalon de tailleur ou une jupe structur\u00e9e. &#8211; Pull en [&hellip;]<\/p>\n","protected":false},"featured_media":759363,"comment_status":"open","ping_status":"closed","template":"","meta":[],"product_brand":[6868],"product_cat":[1756,1762],"product_tag":[2244],"acf":[],"_links":{"self":[{"href":"https:\/\/streetmarkets.fr\/app\/wp-json\/wp\/v2\/product\/759362"}],"collection":[{"href":"https:\/\/streetmarkets.fr\/app\/wp-json\/wp\/v2\/product"}],"about":[{"href":"https:\/\/streetmarkets.fr\/app\/wp-json\/wp\/v2\/types\/product"}],"replies":[{"embeddable":true,"href":"https:\/\/streetmarkets.fr\/app\/wp-json\/wp\/v2\/comments?post=759362"}],"wp:featuredmedia":[{"embeddable":true,"href":"https:\/\/streetmarkets.fr\/app\/wp-json\/wp\/v2\/media\/759363"}],"wp:attachment":[{"href":"https:\/\/streetmarkets.fr\/app\/wp-json\/wp\/v2\/media?parent=759362"}],"wp:term":[{"taxonomy":"product_brand","embeddable":true,"href":"https:\/\/streetmarkets.fr\/app\/wp-json\/wp\/v2\/product_brand?post=759362"},{"taxonomy":"product_cat","embeddable":true,"href":"https:\/\/streetmarkets.fr\/app\/wp-json\/wp\/v2\/product_cat?post=759362"},{"taxonomy":"product_tag","embeddable":true,"href":"https:\/\/streetmarkets.fr\/app\/wp-json\/wp\/v2\/product_tag?post=759362"}],"curies":[{"name":"wp","href":"https:\/\/api.w.org\/{rel}","templated":true}]}}