{"id":759157,"date":"2024-10-19T01:59:36","date_gmt":"2024-10-18T23:59:36","guid":{"rendered":"https:\/\/streetmarkets.fr\/app\/produit\/beret-nicole-en-cachemire-recycle-rifo\/"},"modified":"2026-04-11T01:43:44","modified_gmt":"2026-04-10T23:43:44","slug":"beret-nicole-en-cachemire-recycle-rifo","status":"publish","type":"product","link":"https:\/\/streetmarkets.fr\/app\/produit\/beret-nicole-en-cachemire-recycle-rifo\/","title":{"rendered":"B\u00e9ret Nicole en cachemire recycl\u00e9 Rifo"},"content":{"rendered":"<ul>\n<li>\n<strong>b\u00e9ret<\/strong> en cachemire<\/li>\n<li>95% <strong>cachemire\u00a0recycl\u00e9<\/strong>\u00a05% laine recycl\u00e9e<\/li>\n<li>disponible dans plusieurs coloris<\/li>\n<li>tricot\u00e9 dans un atelier en Toscane (Italie) \u00e0 partir de fils <strong>recycl\u00e9s<\/strong>\n<\/li>\n<li>lavage \u00e0 la main recommand\u00e9<\/li>\n<li>produit de l<strong>&#8216;\u00e9conomie circulaire<\/strong>\n<\/li>\n<li>marque <strong>\u00e9coresponsable<\/strong> italienne <a href=\"https:\/\/lesouriremulticolore.com\/collections\/rifo-marque-mode-engagee-italienne-de-l-economie-circulaire\" title=\"Rifo' marque italienne de la mode circulaire\"><strong>Rifo<\/strong><\/a>\n<\/li>\n<\/ul>\n","protected":false},"excerpt":{"rendered":"<p>b\u00e9ret en cachemire 95% cachemire\u00a0recycl\u00e9\u00a05% laine recycl\u00e9e disponible dans plusieurs coloris tricot\u00e9 dans un atelier en Toscane (Italie) \u00e0 partir de fils recycl\u00e9s lavage \u00e0 la main recommand\u00e9 produit de l&#8216;\u00e9conomie circulaire marque \u00e9coresponsable italienne Rifo<\/p>\n","protected":false},"featured_media":759158,"comment_status":"open","ping_status":"closed","template":"","meta":[],"product_brand":[],"product_cat":[1756,1764],"product_tag":[1810],"acf":[],"_links":{"self":[{"href":"https:\/\/streetmarkets.fr\/app\/wp-json\/wp\/v2\/product\/759157"}],"collection":[{"href":"https:\/\/streetmarkets.fr\/app\/wp-json\/wp\/v2\/product"}],"about":[{"href":"https:\/\/streetmarkets.fr\/app\/wp-json\/wp\/v2\/types\/product"}],"replies":[{"embeddable":true,"href":"https:\/\/streetmarkets.fr\/app\/wp-json\/wp\/v2\/comments?post=759157"}],"wp:featuredmedia":[{"embeddable":true,"href":"https:\/\/streetmarkets.fr\/app\/wp-json\/wp\/v2\/media\/759158"}],"wp:attachment":[{"href":"https:\/\/streetmarkets.fr\/app\/wp-json\/wp\/v2\/media?parent=759157"}],"wp:term":[{"taxonomy":"product_brand","embeddable":true,"href":"https:\/\/streetmarkets.fr\/app\/wp-json\/wp\/v2\/product_brand?post=759157"},{"taxonomy":"product_cat","embeddable":true,"href":"https:\/\/streetmarkets.fr\/app\/wp-json\/wp\/v2\/product_cat?post=759157"},{"taxonomy":"product_tag","embeddable":true,"href":"https:\/\/streetmarkets.fr\/app\/wp-json\/wp\/v2\/product_tag?post=759157"}],"curies":[{"name":"wp","href":"https:\/\/api.w.org\/{rel}","templated":true}]}}