{"id":757333,"date":"2024-10-18T20:44:02","date_gmt":"2024-10-18T18:44:02","guid":{"rendered":"https:\/\/streetmarkets.fr\/app\/produit\/1-carte-cadeau-hectogramme\/"},"modified":"2026-01-22T01:05:39","modified_gmt":"2026-01-22T00:05:39","slug":"1-carte-cadeau-hectogramme","status":"publish","type":"product","link":"https:\/\/streetmarkets.fr\/app\/produit\/1-carte-cadeau-hectogramme\/","title":{"rendered":"Carte-cadeau Hectogramme"},"content":{"rendered":"<p>Cette carte-cadeau hectogramme efface les erreurs de tailles, les\u00a0envies changeantes ou les attentions presque parfaites qui ne seront finalement jamais port\u00e9es.<\/p>\n<p>Elle est disponible pour la personne de votre choix (ou pour vous-m\u00eame!) et valable un an sur l&#8217;int\u00e9gralit\u00e9 du site ou en boutique.<\/p>\n<p>La carte cadeau hectogramme est digitale et sera envoy\u00e9e par mail \u00e0 la personne concern\u00e9e avec un code unique. Le mail d&#8217;envoi peut \u00eatre personnalis\u00e9 et la carte peut \u00eatre rendue physique pour toute demande au moment de l&#8217;achat.<\/p>\n","protected":false},"excerpt":{"rendered":"<p>Cette carte-cadeau hectogramme efface les erreurs de tailles, les\u00a0envies changeantes ou les attentions presque parfaites qui ne seront finalement jamais port\u00e9es. Elle est disponible pour la personne de votre choix (ou pour vous-m\u00eame!) et valable un an sur l&#8217;int\u00e9gralit\u00e9 du site ou en boutique. La carte cadeau hectogramme est digitale et sera envoy\u00e9e par mail [&hellip;]<\/p>\n","protected":false},"featured_media":757334,"comment_status":"open","ping_status":"closed","template":"","meta":[],"product_brand":[],"product_cat":[1756,1764],"product_tag":[2122],"acf":[],"_links":{"self":[{"href":"https:\/\/streetmarkets.fr\/app\/wp-json\/wp\/v2\/product\/757333"}],"collection":[{"href":"https:\/\/streetmarkets.fr\/app\/wp-json\/wp\/v2\/product"}],"about":[{"href":"https:\/\/streetmarkets.fr\/app\/wp-json\/wp\/v2\/types\/product"}],"replies":[{"embeddable":true,"href":"https:\/\/streetmarkets.fr\/app\/wp-json\/wp\/v2\/comments?post=757333"}],"wp:featuredmedia":[{"embeddable":true,"href":"https:\/\/streetmarkets.fr\/app\/wp-json\/wp\/v2\/media\/757334"}],"wp:attachment":[{"href":"https:\/\/streetmarkets.fr\/app\/wp-json\/wp\/v2\/media?parent=757333"}],"wp:term":[{"taxonomy":"product_brand","embeddable":true,"href":"https:\/\/streetmarkets.fr\/app\/wp-json\/wp\/v2\/product_brand?post=757333"},{"taxonomy":"product_cat","embeddable":true,"href":"https:\/\/streetmarkets.fr\/app\/wp-json\/wp\/v2\/product_cat?post=757333"},{"taxonomy":"product_tag","embeddable":true,"href":"https:\/\/streetmarkets.fr\/app\/wp-json\/wp\/v2\/product_tag?post=757333"}],"curies":[{"name":"wp","href":"https:\/\/api.w.org\/{rel}","templated":true}]}}