{"id":756844,"date":"2024-10-18T02:20:52","date_gmt":"2024-10-18T00:20:52","guid":{"rendered":"https:\/\/streetmarkets.fr\/app\/produit\/pull-cardigan-h24-femme-noir-2\/"},"modified":"2025-03-15T01:04:29","modified_gmt":"2025-03-15T00:04:29","slug":"pull-cardigan-h24-femme-noir-2","status":"publish","type":"product","link":"https:\/\/streetmarkets.fr\/app\/produit\/pull-cardigan-h24-femme-noir-2\/","title":{"rendered":"Pull Cardigan (H24 \/ FEMME \/ Noir)"},"content":{"rendered":"<p>Confectionn\u00e9 en 100% laine m\u00e9rinos certifi\u00e9e RWS (Responsible Wool Standard), ce pull cardigan court et ajust\u00e9 s&#8217;inspire du style tailleur pour structurer votre silhouette de saison. Muni de manches longues et de poignets \u00e9vas\u00e9s et fendus, il affiche une fermeture orn\u00e9e de boutons fantaisie et des fausses poches.<\/p>\n<p>&#8211; Pull cardigan court style tailleur en laine m\u00e9rinos Femme<br \/>\n<br \/>&#8211; Fermeture \u00e0 boutons fantaisie<br \/>\n<br \/>&#8211; Fausses poches<br \/>\n<br \/>&#8211; Manches longues<br \/>\n<br \/>&#8211; Poignets \u00e9vas\u00e9s fendus<br \/>\n<br \/>&#8211; Bords c\u00f4tel\u00e9s<br \/>\n<br \/>&#8211; Coupe slim<br \/>\n<br \/>&#8211; Laine m\u00e9rinos : respirante et thermor\u00e9gulatrice, elle peut \u00eatre port\u00e9e \u00e9t\u00e9 comme hiver<\/p>\n","protected":false},"excerpt":{"rendered":"<p>Confectionn\u00e9 en 100% laine m\u00e9rinos certifi\u00e9e RWS (Responsible Wool Standard), ce pull cardigan court et ajust\u00e9 s&#8217;inspire du style tailleur pour structurer votre silhouette de saison. Muni de manches longues et de poignets \u00e9vas\u00e9s et fendus, il affiche une fermeture orn\u00e9e de boutons fantaisie et des fausses poches. &#8211; Pull cardigan court style tailleur en [&hellip;]<\/p>\n","protected":false},"featured_media":756845,"comment_status":"open","ping_status":"closed","template":"","meta":[],"product_brand":[6868],"product_cat":[1756,1762],"product_tag":[2244],"acf":[],"_links":{"self":[{"href":"https:\/\/streetmarkets.fr\/app\/wp-json\/wp\/v2\/product\/756844"}],"collection":[{"href":"https:\/\/streetmarkets.fr\/app\/wp-json\/wp\/v2\/product"}],"about":[{"href":"https:\/\/streetmarkets.fr\/app\/wp-json\/wp\/v2\/types\/product"}],"replies":[{"embeddable":true,"href":"https:\/\/streetmarkets.fr\/app\/wp-json\/wp\/v2\/comments?post=756844"}],"wp:featuredmedia":[{"embeddable":true,"href":"https:\/\/streetmarkets.fr\/app\/wp-json\/wp\/v2\/media\/756845"}],"wp:attachment":[{"href":"https:\/\/streetmarkets.fr\/app\/wp-json\/wp\/v2\/media?parent=756844"}],"wp:term":[{"taxonomy":"product_brand","embeddable":true,"href":"https:\/\/streetmarkets.fr\/app\/wp-json\/wp\/v2\/product_brand?post=756844"},{"taxonomy":"product_cat","embeddable":true,"href":"https:\/\/streetmarkets.fr\/app\/wp-json\/wp\/v2\/product_cat?post=756844"},{"taxonomy":"product_tag","embeddable":true,"href":"https:\/\/streetmarkets.fr\/app\/wp-json\/wp\/v2\/product_tag?post=756844"}],"curies":[{"name":"wp","href":"https:\/\/api.w.org\/{rel}","templated":true}]}}