{"id":756835,"date":"2024-10-18T02:20:42","date_gmt":"2024-10-18T00:20:42","guid":{"rendered":"https:\/\/streetmarkets.fr\/app\/produit\/robe-courte-manche-longue-metallise-h24-femme-navy\/"},"modified":"2025-03-15T01:03:54","modified_gmt":"2025-03-15T00:03:54","slug":"robe-courte-manche-longue-metallise-h24-femme-navy","status":"publish","type":"product","link":"https:\/\/streetmarkets.fr\/app\/produit\/robe-courte-manche-longue-metallise-h24-femme-navy\/","title":{"rendered":"Robe Courte Manche Longue Metallis\u00e9 (H24 \/ FEMME \/ Navy)"},"content":{"rendered":"<p>L&#8217;indispensable robe courte du vestiaire f\u00e9minin est revisit\u00e9e dans une version ajust\u00e9e en maille c\u00f4tel\u00e9e et m\u00e9tallis\u00e9e. En laine m\u00e9rinos certifi\u00e9e RWS (Responsible Wool Standard) et en lurex, elle d\u00e9voile un col rond et des manches longues. \u00c9l\u00e9gante et intemporelle, accessoirisez-la avec des escarpins ou des sneakers.<\/p>\n<p>&#8211; Robe courte en laine m\u00e9rinos Femme<br \/>\n<br \/>&#8211; Lurex<br \/>\n<br \/>&#8211; C\u00f4tel\u00e9<br \/>\n<br \/>&#8211; Col rond<br \/>\n<br \/>&#8211; Manches longues<br \/>\n<br \/>&#8211; Coupe slim<br \/>\n<br \/>&#8211; Laine m\u00e9rinos : respirante et thermor\u00e9gulatrice, elle peut \u00eatre port\u00e9e \u00e9t\u00e9 comme hiver<\/p>\n","protected":false},"excerpt":{"rendered":"<p>L&#8217;indispensable robe courte du vestiaire f\u00e9minin est revisit\u00e9e dans une version ajust\u00e9e en maille c\u00f4tel\u00e9e et m\u00e9tallis\u00e9e. En laine m\u00e9rinos certifi\u00e9e RWS (Responsible Wool Standard) et en lurex, elle d\u00e9voile un col rond et des manches longues. \u00c9l\u00e9gante et intemporelle, accessoirisez-la avec des escarpins ou des sneakers. &#8211; Robe courte en laine m\u00e9rinos Femme &#8211; [&hellip;]<\/p>\n","protected":false},"featured_media":756836,"comment_status":"open","ping_status":"closed","template":"","meta":[],"product_brand":[6868],"product_cat":[1756,1762],"product_tag":[2244],"acf":[],"_links":{"self":[{"href":"https:\/\/streetmarkets.fr\/app\/wp-json\/wp\/v2\/product\/756835"}],"collection":[{"href":"https:\/\/streetmarkets.fr\/app\/wp-json\/wp\/v2\/product"}],"about":[{"href":"https:\/\/streetmarkets.fr\/app\/wp-json\/wp\/v2\/types\/product"}],"replies":[{"embeddable":true,"href":"https:\/\/streetmarkets.fr\/app\/wp-json\/wp\/v2\/comments?post=756835"}],"wp:featuredmedia":[{"embeddable":true,"href":"https:\/\/streetmarkets.fr\/app\/wp-json\/wp\/v2\/media\/756836"}],"wp:attachment":[{"href":"https:\/\/streetmarkets.fr\/app\/wp-json\/wp\/v2\/media?parent=756835"}],"wp:term":[{"taxonomy":"product_brand","embeddable":true,"href":"https:\/\/streetmarkets.fr\/app\/wp-json\/wp\/v2\/product_brand?post=756835"},{"taxonomy":"product_cat","embeddable":true,"href":"https:\/\/streetmarkets.fr\/app\/wp-json\/wp\/v2\/product_cat?post=756835"},{"taxonomy":"product_tag","embeddable":true,"href":"https:\/\/streetmarkets.fr\/app\/wp-json\/wp\/v2\/product_tag?post=756835"}],"curies":[{"name":"wp","href":"https:\/\/api.w.org\/{rel}","templated":true}]}}