{"id":755937,"date":"2024-10-17T02:15:03","date_gmt":"2024-10-17T00:15:03","guid":{"rendered":"https:\/\/streetmarkets.fr\/app\/produit\/pull-col-camionneur-h24-homme-kaki\/"},"modified":"2025-03-05T01:00:14","modified_gmt":"2025-03-05T00:00:14","slug":"pull-col-camionneur-h24-homme-kaki","status":"publish","type":"product","link":"https:\/\/streetmarkets.fr\/app\/produit\/pull-col-camionneur-h24-homme-kaki\/","title":{"rendered":"Pull Col Camionneur (H24 \/ HOMME \/ Kaki)"},"content":{"rendered":"<p>Confectionn\u00e9 en 100% laine m\u00e9rinos certifi\u00e9e RWS (Responsible Wool Standard), ce pull se distingue par ses lignes affirm\u00e9es. Muni d&#8217;un col camionneur et de manches longues, il conf\u00e8re une allure structur\u00e9e, r\u00e9hauss\u00e9e de bords contrast\u00e9s. Associez-le \u00e0 un t-shirt et un jean pour un look d\u00e9contract\u00e9.<\/p>\n<p>&#8211; Pull en laine m\u00e9rinos Homme<br \/>\n<br \/>&#8211; Col camionneur<br \/>\n<br \/>&#8211; Manches longues<br \/>\n<br \/>&#8211; Bords c\u00f4tel\u00e9s contrast\u00e9s<br \/>\n<br \/>&#8211; Coupe regular<br \/>\n<br \/>&#8211; Laine m\u00e9rinos : respirante et thermor\u00e9gulatrice, elle peut \u00eatre port\u00e9e \u00e9t\u00e9 comme hiver<\/p>\n","protected":false},"excerpt":{"rendered":"<p>Confectionn\u00e9 en 100% laine m\u00e9rinos certifi\u00e9e RWS (Responsible Wool Standard), ce pull se distingue par ses lignes affirm\u00e9es. Muni d&#8217;un col camionneur et de manches longues, il conf\u00e8re une allure structur\u00e9e, r\u00e9hauss\u00e9e de bords contrast\u00e9s. Associez-le \u00e0 un t-shirt et un jean pour un look d\u00e9contract\u00e9. &#8211; Pull en laine m\u00e9rinos Homme &#8211; Col camionneur [&hellip;]<\/p>\n","protected":false},"featured_media":755938,"comment_status":"open","ping_status":"closed","template":"","meta":[],"product_brand":[6868],"product_cat":[1756,1758],"product_tag":[2244],"acf":[],"_links":{"self":[{"href":"https:\/\/streetmarkets.fr\/app\/wp-json\/wp\/v2\/product\/755937"}],"collection":[{"href":"https:\/\/streetmarkets.fr\/app\/wp-json\/wp\/v2\/product"}],"about":[{"href":"https:\/\/streetmarkets.fr\/app\/wp-json\/wp\/v2\/types\/product"}],"replies":[{"embeddable":true,"href":"https:\/\/streetmarkets.fr\/app\/wp-json\/wp\/v2\/comments?post=755937"}],"wp:featuredmedia":[{"embeddable":true,"href":"https:\/\/streetmarkets.fr\/app\/wp-json\/wp\/v2\/media\/755938"}],"wp:attachment":[{"href":"https:\/\/streetmarkets.fr\/app\/wp-json\/wp\/v2\/media?parent=755937"}],"wp:term":[{"taxonomy":"product_brand","embeddable":true,"href":"https:\/\/streetmarkets.fr\/app\/wp-json\/wp\/v2\/product_brand?post=755937"},{"taxonomy":"product_cat","embeddable":true,"href":"https:\/\/streetmarkets.fr\/app\/wp-json\/wp\/v2\/product_cat?post=755937"},{"taxonomy":"product_tag","embeddable":true,"href":"https:\/\/streetmarkets.fr\/app\/wp-json\/wp\/v2\/product_tag?post=755937"}],"curies":[{"name":"wp","href":"https:\/\/api.w.org\/{rel}","templated":true}]}}