{"id":755929,"date":"2024-10-17T02:14:59","date_gmt":"2024-10-17T00:14:59","guid":{"rendered":"https:\/\/streetmarkets.fr\/app\/produit\/chemise-manches-longues-h24-homme-navy\/"},"modified":"2025-02-04T01:07:23","modified_gmt":"2025-02-04T00:07:23","slug":"chemise-manches-longues-h24-homme-navy","status":"publish","type":"product","link":"https:\/\/streetmarkets.fr\/app\/produit\/chemise-manches-longues-h24-homme-navy\/","title":{"rendered":"Chemise Manches Longues (H24 \/ HOMME \/ Navy)"},"content":{"rendered":"<p>Orn\u00e9e de d\u00e9tails torsad\u00e9s et d&#8217;une broderie &#8220;Future&#8221; sur la poitrine, cette chemise c\u00f4tel\u00e9e conf\u00e8re une allure \u00e9l\u00e9gante et structur\u00e9e. Confectionn\u00e9e en cachemire 4 fils, elle d\u00e9voile une fermeture boutonn\u00e9e, des manches longues et des bords c\u00f4tel\u00e9s. Glissez-le sur un t-shirt et un pantalon de tailleur pour un look chic et casual.<\/p>\n<p>&#8211; Chemise en cachemire 4 fils certifi\u00e9 GCS\u00ae Homme<br \/>\n<br \/>&#8211; C\u00f4tel\u00e9e et torsades<br \/>\n<br \/>&#8211; Broderie &#8220;Future&#8221;<br \/>\n<br \/>&#8211; Col chemise<br \/>\n<br \/>&#8211; Fermeture boutonn\u00e9e<br \/>\n<br \/>&#8211; Bords c\u00f4tel\u00e9s<br \/>\n<br \/>&#8211; Coupe regular<br \/>\n<br \/>&#8211; Le Good Cashmere Standard\u00ae (GCS) est une norme ind\u00e9pendante pour un cachemire plus durable et plus responsable. Il vise \u00e0 am\u00e9liorer le bien-\u00eatre des ch\u00e8vres cachemire, les conditions de travail des \u00e9leveurs ainsi qu&#8217;\u00e0 prot\u00e9ger l&#8217;environnement.<\/p>\n","protected":false},"excerpt":{"rendered":"<p>Orn\u00e9e de d\u00e9tails torsad\u00e9s et d&#8217;une broderie &#8220;Future&#8221; sur la poitrine, cette chemise c\u00f4tel\u00e9e conf\u00e8re une allure \u00e9l\u00e9gante et structur\u00e9e. Confectionn\u00e9e en cachemire 4 fils, elle d\u00e9voile une fermeture boutonn\u00e9e, des manches longues et des bords c\u00f4tel\u00e9s. Glissez-le sur un t-shirt et un pantalon de tailleur pour un look chic et casual. &#8211; Chemise en [&hellip;]<\/p>\n","protected":false},"featured_media":755930,"comment_status":"open","ping_status":"closed","template":"","meta":[],"product_brand":[6868],"product_cat":[1756,1758],"product_tag":[2244],"acf":[],"_links":{"self":[{"href":"https:\/\/streetmarkets.fr\/app\/wp-json\/wp\/v2\/product\/755929"}],"collection":[{"href":"https:\/\/streetmarkets.fr\/app\/wp-json\/wp\/v2\/product"}],"about":[{"href":"https:\/\/streetmarkets.fr\/app\/wp-json\/wp\/v2\/types\/product"}],"replies":[{"embeddable":true,"href":"https:\/\/streetmarkets.fr\/app\/wp-json\/wp\/v2\/comments?post=755929"}],"wp:featuredmedia":[{"embeddable":true,"href":"https:\/\/streetmarkets.fr\/app\/wp-json\/wp\/v2\/media\/755930"}],"wp:attachment":[{"href":"https:\/\/streetmarkets.fr\/app\/wp-json\/wp\/v2\/media?parent=755929"}],"wp:term":[{"taxonomy":"product_brand","embeddable":true,"href":"https:\/\/streetmarkets.fr\/app\/wp-json\/wp\/v2\/product_brand?post=755929"},{"taxonomy":"product_cat","embeddable":true,"href":"https:\/\/streetmarkets.fr\/app\/wp-json\/wp\/v2\/product_cat?post=755929"},{"taxonomy":"product_tag","embeddable":true,"href":"https:\/\/streetmarkets.fr\/app\/wp-json\/wp\/v2\/product_tag?post=755929"}],"curies":[{"name":"wp","href":"https:\/\/api.w.org\/{rel}","templated":true}]}}