{"id":755911,"date":"2024-10-17T02:14:51","date_gmt":"2024-10-17T00:14:51","guid":{"rendered":"https:\/\/streetmarkets.fr\/app\/produit\/robe-longue-manche-longue-col-polo-h24-femme-navy\/"},"modified":"2025-03-15T01:03:55","modified_gmt":"2025-03-15T00:03:55","slug":"robe-longue-manche-longue-col-polo-h24-femme-navy","status":"publish","type":"product","link":"https:\/\/streetmarkets.fr\/app\/produit\/robe-longue-manche-longue-col-polo-h24-femme-navy\/","title":{"rendered":"Robe Longue Manche Longue Col Polo (H24 \/ FEMME \/ Navy)"},"content":{"rendered":"<p>Confectionn\u00e9e en laine m\u00e9rinos certifi\u00e9e RWS (Responsible Wool Standard) et en lurex, cette robe longue adopte une maille c\u00f4tel\u00e9e et m\u00e9tallis\u00e9e. Munie d&#8217;un col polo contrast\u00e9, de manches longues et de poignets fendus, elle dessine une silhouette ajust\u00e9e et se porte comme une seconde peau. Mixez-la avec une paire d&#8217;escarpins ou de sneakers.<\/p>\n<p>&#8211; Robe longue en laine m\u00e9rinos Femme<br \/>\n<br \/>&#8211; Lurex<br \/>\n<br \/>&#8211; C\u00f4tel\u00e9<br \/>\n<br \/>&#8211; Col polo contrast\u00e9<br \/>\n<br \/>&#8211; Manches longues<br \/>\n<br \/>&#8211; Poignets fendus<br \/>\n<br \/>&#8211; Coupe slim<br \/>\n<br \/>&#8211; Laine m\u00e9rinos : respirante et thermor\u00e9gulatrice, elle peut \u00eatre port\u00e9e \u00e9t\u00e9 comme hiver<\/p>\n","protected":false},"excerpt":{"rendered":"<p>Confectionn\u00e9e en laine m\u00e9rinos certifi\u00e9e RWS (Responsible Wool Standard) et en lurex, cette robe longue adopte une maille c\u00f4tel\u00e9e et m\u00e9tallis\u00e9e. Munie d&#8217;un col polo contrast\u00e9, de manches longues et de poignets fendus, elle dessine une silhouette ajust\u00e9e et se porte comme une seconde peau. Mixez-la avec une paire d&#8217;escarpins ou de sneakers. &#8211; Robe [&hellip;]<\/p>\n","protected":false},"featured_media":755912,"comment_status":"open","ping_status":"closed","template":"","meta":[],"product_brand":[6868],"product_cat":[1756,1762],"product_tag":[2244],"acf":[],"_links":{"self":[{"href":"https:\/\/streetmarkets.fr\/app\/wp-json\/wp\/v2\/product\/755911"}],"collection":[{"href":"https:\/\/streetmarkets.fr\/app\/wp-json\/wp\/v2\/product"}],"about":[{"href":"https:\/\/streetmarkets.fr\/app\/wp-json\/wp\/v2\/types\/product"}],"replies":[{"embeddable":true,"href":"https:\/\/streetmarkets.fr\/app\/wp-json\/wp\/v2\/comments?post=755911"}],"wp:featuredmedia":[{"embeddable":true,"href":"https:\/\/streetmarkets.fr\/app\/wp-json\/wp\/v2\/media\/755912"}],"wp:attachment":[{"href":"https:\/\/streetmarkets.fr\/app\/wp-json\/wp\/v2\/media?parent=755911"}],"wp:term":[{"taxonomy":"product_brand","embeddable":true,"href":"https:\/\/streetmarkets.fr\/app\/wp-json\/wp\/v2\/product_brand?post=755911"},{"taxonomy":"product_cat","embeddable":true,"href":"https:\/\/streetmarkets.fr\/app\/wp-json\/wp\/v2\/product_cat?post=755911"},{"taxonomy":"product_tag","embeddable":true,"href":"https:\/\/streetmarkets.fr\/app\/wp-json\/wp\/v2\/product_tag?post=755911"}],"curies":[{"name":"wp","href":"https:\/\/api.w.org\/{rel}","templated":true}]}}