{"id":755898,"date":"2024-10-17T02:14:48","date_gmt":"2024-10-17T00:14:48","guid":{"rendered":"https:\/\/streetmarkets.fr\/app\/produit\/pull-gilet-h24-femme-navy\/"},"modified":"2025-03-10T01:08:07","modified_gmt":"2025-03-10T00:08:07","slug":"pull-gilet-h24-femme-navy","status":"publish","type":"product","link":"https:\/\/streetmarkets.fr\/app\/produit\/pull-gilet-h24-femme-navy\/","title":{"rendered":"Pull Gilet (H24 \/ FEMME \/ Navy)"},"content":{"rendered":"<p>Allure sporty-chic pour ce pull gilet zipp\u00e9, orn\u00e9 de bandes contrast\u00e9es et d&#8217;une signature &#8220;FF&#8221;. Confectionn\u00e9 en cachemire, il d\u00e9voile un col large, pour un port\u00e9 ouvert selon vos envies, des manches longues et des bords c\u00f4tel\u00e9s. Optez pour le total look avec le pantalon coordonn\u00e9.<\/p>\n<p>&#8211; Pull gilet en cachemire certifi\u00e9 GCS\u00ae Femme<br \/>\n<br \/>&#8211; Col large<br \/>\n<br \/>&#8211; Bandes contrast\u00e9es<br \/>\n<br \/>&#8211; Logo &#8220;FF&#8221;<br \/>\n<br \/>&#8211; Fermeture zipp\u00e9e<br \/>\n<br \/>&#8211; Manches longues<br \/>\n<br \/>&#8211; Bords c\u00f4tel\u00e9s<br \/>\n<br \/>&#8211; Coupe regular<br \/>\n<br \/>&#8211; Le Good Cashmere Standard\u00ae (GCS) est une norme ind\u00e9pendante pour un cachemire plus durable et plus responsable. Il vise \u00e0 am\u00e9liorer le bien-\u00eatre des ch\u00e8vres cachemire, les conditions de travail des \u00e9leveurs ainsi qu&#8217;\u00e0 prot\u00e9ger l&#8217;environnement.<br \/>&#8211; <u>Cachemire 4 fils<\/u> <\/p>\n","protected":false},"excerpt":{"rendered":"<p>Allure sporty-chic pour ce pull gilet zipp\u00e9, orn\u00e9 de bandes contrast\u00e9es et d&#8217;une signature &#8220;FF&#8221;. Confectionn\u00e9 en cachemire, il d\u00e9voile un col large, pour un port\u00e9 ouvert selon vos envies, des manches longues et des bords c\u00f4tel\u00e9s. Optez pour le total look avec le pantalon coordonn\u00e9. &#8211; Pull gilet en cachemire certifi\u00e9 GCS\u00ae Femme &#8211; [&hellip;]<\/p>\n","protected":false},"featured_media":755899,"comment_status":"open","ping_status":"closed","template":"","meta":[],"product_brand":[6868],"product_cat":[1756,1762],"product_tag":[2244],"acf":[],"_links":{"self":[{"href":"https:\/\/streetmarkets.fr\/app\/wp-json\/wp\/v2\/product\/755898"}],"collection":[{"href":"https:\/\/streetmarkets.fr\/app\/wp-json\/wp\/v2\/product"}],"about":[{"href":"https:\/\/streetmarkets.fr\/app\/wp-json\/wp\/v2\/types\/product"}],"replies":[{"embeddable":true,"href":"https:\/\/streetmarkets.fr\/app\/wp-json\/wp\/v2\/comments?post=755898"}],"wp:featuredmedia":[{"embeddable":true,"href":"https:\/\/streetmarkets.fr\/app\/wp-json\/wp\/v2\/media\/755899"}],"wp:attachment":[{"href":"https:\/\/streetmarkets.fr\/app\/wp-json\/wp\/v2\/media?parent=755898"}],"wp:term":[{"taxonomy":"product_brand","embeddable":true,"href":"https:\/\/streetmarkets.fr\/app\/wp-json\/wp\/v2\/product_brand?post=755898"},{"taxonomy":"product_cat","embeddable":true,"href":"https:\/\/streetmarkets.fr\/app\/wp-json\/wp\/v2\/product_cat?post=755898"},{"taxonomy":"product_tag","embeddable":true,"href":"https:\/\/streetmarkets.fr\/app\/wp-json\/wp\/v2\/product_tag?post=755898"}],"curies":[{"name":"wp","href":"https:\/\/api.w.org\/{rel}","templated":true}]}}