{"id":755882,"date":"2024-10-17T02:14:44","date_gmt":"2024-10-17T00:14:44","guid":{"rendered":"https:\/\/streetmarkets.fr\/app\/produit\/echarpe-a-capuche-h24-accessoires-ecru-chine\/"},"modified":"2025-02-24T01:06:33","modified_gmt":"2025-02-24T00:06:33","slug":"echarpe-a-capuche-h24-accessoires-ecru-chine","status":"publish","type":"product","link":"https:\/\/streetmarkets.fr\/app\/produit\/echarpe-a-capuche-h24-accessoires-ecru-chine\/","title":{"rendered":"Echarpe \u00e0 Capuche (H24 \/ ACCESSOIRES \/ Ecru Chine)"},"content":{"rendered":"<p>L&#8217;incontournable \u00e9charpe se r\u00e9invente cette saison avec une touche d&#8217;audace. Confectionn\u00e9e en cachemire, elle arbore une capuche et des bords frang\u00e9s pour vous r\u00e9chauffer avec style.<\/p>\n<p>&#8211; \u00c9charpe en cachemire certifi\u00e9 GCS\u00ae<br \/>\n<br \/>&#8211; Capuche<br \/>\n<br \/>&#8211; Franges<br \/>\n<br \/>&#8211; Coupe regular<br \/>\n<br \/>&#8211; Le Good Cashmere Standard\u00ae (GCS) est une norme ind\u00e9pendante pour un cachemire plus durable et plus responsable. Il vise \u00e0 am\u00e9liorer le bien-\u00eatre des ch\u00e8vres cachemire, les conditions de travail des \u00e9leveurs ainsi qu&#8217;\u00e0 prot\u00e9ger l&#8217;environnement.<br \/>&#8211; <u>Cachemire 4 fils<\/u> <\/p>\n","protected":false},"excerpt":{"rendered":"<p>L&#8217;incontournable \u00e9charpe se r\u00e9invente cette saison avec une touche d&#8217;audace. Confectionn\u00e9e en cachemire, elle arbore une capuche et des bords frang\u00e9s pour vous r\u00e9chauffer avec style. &#8211; \u00c9charpe en cachemire certifi\u00e9 GCS\u00ae &#8211; Capuche &#8211; Franges &#8211; Coupe regular &#8211; Le Good Cashmere Standard\u00ae (GCS) est une norme ind\u00e9pendante pour un cachemire plus durable et [&hellip;]<\/p>\n","protected":false},"featured_media":755883,"comment_status":"open","ping_status":"closed","template":"","meta":[],"product_brand":[6868],"product_cat":[1756,1764],"product_tag":[2244],"acf":[],"_links":{"self":[{"href":"https:\/\/streetmarkets.fr\/app\/wp-json\/wp\/v2\/product\/755882"}],"collection":[{"href":"https:\/\/streetmarkets.fr\/app\/wp-json\/wp\/v2\/product"}],"about":[{"href":"https:\/\/streetmarkets.fr\/app\/wp-json\/wp\/v2\/types\/product"}],"replies":[{"embeddable":true,"href":"https:\/\/streetmarkets.fr\/app\/wp-json\/wp\/v2\/comments?post=755882"}],"wp:featuredmedia":[{"embeddable":true,"href":"https:\/\/streetmarkets.fr\/app\/wp-json\/wp\/v2\/media\/755883"}],"wp:attachment":[{"href":"https:\/\/streetmarkets.fr\/app\/wp-json\/wp\/v2\/media?parent=755882"}],"wp:term":[{"taxonomy":"product_brand","embeddable":true,"href":"https:\/\/streetmarkets.fr\/app\/wp-json\/wp\/v2\/product_brand?post=755882"},{"taxonomy":"product_cat","embeddable":true,"href":"https:\/\/streetmarkets.fr\/app\/wp-json\/wp\/v2\/product_cat?post=755882"},{"taxonomy":"product_tag","embeddable":true,"href":"https:\/\/streetmarkets.fr\/app\/wp-json\/wp\/v2\/product_tag?post=755882"}],"curies":[{"name":"wp","href":"https:\/\/api.w.org\/{rel}","templated":true}]}}