{"id":755824,"date":"2024-10-17T02:13:56","date_gmt":"2024-10-17T00:13:56","guid":{"rendered":"https:\/\/streetmarkets.fr\/app\/produit\/echarpe-a-franges-h24-accessoires-noir\/"},"modified":"2025-02-24T01:06:32","modified_gmt":"2025-02-24T00:06:32","slug":"echarpe-a-franges-h24-accessoires-noir","status":"publish","type":"product","link":"https:\/\/streetmarkets.fr\/app\/produit\/echarpe-a-franges-h24-accessoires-noir\/","title":{"rendered":"Echarpe \u00e0 Franges (H24 \/ ACCESSOIRES \/ Noir)"},"content":{"rendered":"<p>Rejoignez le Club avec cette \u00e9charpe en cachemire. Orn\u00e9e de franges et d&#8217;une \u00e9tiquette brod\u00e9e &#8220;From Future Est. 2018&#8221;, elle r\u00e9chauffe votre silhouette avec style.<\/p>\n<p>&#8211; \u00c9charpe en cachemire certifi\u00e9 GCS\u00ae<br \/>\n<br \/>&#8211; \u00c9tiquette brod\u00e9e &#8220;From Future Est. 2018&#8221;<br \/>\n<br \/>&#8211; Franges<br \/>\n<br \/>&#8211; Coupe regular<br \/>\n<br \/>&#8211; Le Good Cashmere Standard\u00ae (GCS) est une norme ind\u00e9pendante pour un cachemire plus durable et plus responsable. Il vise \u00e0 am\u00e9liorer le bien-\u00eatre des ch\u00e8vres cachemire, les conditions de travail des \u00e9leveurs ainsi qu&#8217;\u00e0 prot\u00e9ger l&#8217;environnement.<\/p>\n","protected":false},"excerpt":{"rendered":"<p>Rejoignez le Club avec cette \u00e9charpe en cachemire. Orn\u00e9e de franges et d&#8217;une \u00e9tiquette brod\u00e9e &#8220;From Future Est. 2018&#8221;, elle r\u00e9chauffe votre silhouette avec style. &#8211; \u00c9charpe en cachemire certifi\u00e9 GCS\u00ae &#8211; \u00c9tiquette brod\u00e9e &#8220;From Future Est. 2018&#8221; &#8211; Franges &#8211; Coupe regular &#8211; Le Good Cashmere Standard\u00ae (GCS) est une norme ind\u00e9pendante pour un [&hellip;]<\/p>\n","protected":false},"featured_media":755825,"comment_status":"open","ping_status":"closed","template":"","meta":[],"product_brand":[6868],"product_cat":[1756,1764],"product_tag":[2244],"acf":[],"_links":{"self":[{"href":"https:\/\/streetmarkets.fr\/app\/wp-json\/wp\/v2\/product\/755824"}],"collection":[{"href":"https:\/\/streetmarkets.fr\/app\/wp-json\/wp\/v2\/product"}],"about":[{"href":"https:\/\/streetmarkets.fr\/app\/wp-json\/wp\/v2\/types\/product"}],"replies":[{"embeddable":true,"href":"https:\/\/streetmarkets.fr\/app\/wp-json\/wp\/v2\/comments?post=755824"}],"wp:featuredmedia":[{"embeddable":true,"href":"https:\/\/streetmarkets.fr\/app\/wp-json\/wp\/v2\/media\/755825"}],"wp:attachment":[{"href":"https:\/\/streetmarkets.fr\/app\/wp-json\/wp\/v2\/media?parent=755824"}],"wp:term":[{"taxonomy":"product_brand","embeddable":true,"href":"https:\/\/streetmarkets.fr\/app\/wp-json\/wp\/v2\/product_brand?post=755824"},{"taxonomy":"product_cat","embeddable":true,"href":"https:\/\/streetmarkets.fr\/app\/wp-json\/wp\/v2\/product_cat?post=755824"},{"taxonomy":"product_tag","embeddable":true,"href":"https:\/\/streetmarkets.fr\/app\/wp-json\/wp\/v2\/product_tag?post=755824"}],"curies":[{"name":"wp","href":"https:\/\/api.w.org\/{rel}","templated":true}]}}