{"id":755801,"date":"2024-10-17T02:13:52","date_gmt":"2024-10-17T00:13:52","guid":{"rendered":"https:\/\/streetmarkets.fr\/app\/produit\/chemise-manches-longues-h24-femme-blanc\/"},"modified":"2025-04-18T02:00:38","modified_gmt":"2025-04-18T00:00:38","slug":"chemise-manches-longues-h24-femme-blanc","status":"publish","type":"product","link":"https:\/\/streetmarkets.fr\/app\/produit\/chemise-manches-longues-h24-femme-blanc\/","title":{"rendered":"Chemise Manches Longues (H24 \/ FEMME \/ Blanc)"},"content":{"rendered":"<p>V\u00e9ritable d\u00e9claration, un c\u0153ur d\u00e9licatement brod\u00e9 s&#8217;invite sur cette chemise popeline en coton. Munie d&#8217;un col chemise et de manches longues, elle d\u00e9voile une fermeture et des poignets boutonn\u00e9s pour une silhouette chic et structur\u00e9e. Compl\u00e9tez votre look avec une jupe fluide ou un pantalon ample.<\/p>\n<p>&#8211; Chemise popeline en coton Femme<br \/>\n<br \/>&#8211; Broderie c\u0153ur<br \/>\n<br \/>&#8211; Col chemise<br \/>\n<br \/>&#8211; Fermeture boutonn\u00e9e<br \/>\n<br \/>&#8211; Manches longues<br \/>\n<br \/>&#8211; Poignets boutonn\u00e9s<br \/>\n<br \/>&#8211; Coupe regular<\/p>\n","protected":false},"excerpt":{"rendered":"<p>V\u00e9ritable d\u00e9claration, un c\u0153ur d\u00e9licatement brod\u00e9 s&#8217;invite sur cette chemise popeline en coton. Munie d&#8217;un col chemise et de manches longues, elle d\u00e9voile une fermeture et des poignets boutonn\u00e9s pour une silhouette chic et structur\u00e9e. Compl\u00e9tez votre look avec une jupe fluide ou un pantalon ample. &#8211; Chemise popeline en coton Femme &#8211; Broderie c\u0153ur [&hellip;]<\/p>\n","protected":false},"featured_media":755802,"comment_status":"open","ping_status":"closed","template":"","meta":[],"product_brand":[6868],"product_cat":[1756,1762],"product_tag":[2244],"acf":[],"_links":{"self":[{"href":"https:\/\/streetmarkets.fr\/app\/wp-json\/wp\/v2\/product\/755801"}],"collection":[{"href":"https:\/\/streetmarkets.fr\/app\/wp-json\/wp\/v2\/product"}],"about":[{"href":"https:\/\/streetmarkets.fr\/app\/wp-json\/wp\/v2\/types\/product"}],"replies":[{"embeddable":true,"href":"https:\/\/streetmarkets.fr\/app\/wp-json\/wp\/v2\/comments?post=755801"}],"wp:featuredmedia":[{"embeddable":true,"href":"https:\/\/streetmarkets.fr\/app\/wp-json\/wp\/v2\/media\/755802"}],"wp:attachment":[{"href":"https:\/\/streetmarkets.fr\/app\/wp-json\/wp\/v2\/media?parent=755801"}],"wp:term":[{"taxonomy":"product_brand","embeddable":true,"href":"https:\/\/streetmarkets.fr\/app\/wp-json\/wp\/v2\/product_brand?post=755801"},{"taxonomy":"product_cat","embeddable":true,"href":"https:\/\/streetmarkets.fr\/app\/wp-json\/wp\/v2\/product_cat?post=755801"},{"taxonomy":"product_tag","embeddable":true,"href":"https:\/\/streetmarkets.fr\/app\/wp-json\/wp\/v2\/product_tag?post=755801"}],"curies":[{"name":"wp","href":"https:\/\/api.w.org\/{rel}","templated":true}]}}