{"id":755781,"date":"2024-10-17T02:13:46","date_gmt":"2024-10-17T00:13:46","guid":{"rendered":"https:\/\/streetmarkets.fr\/app\/produit\/chemise-manches-longues-h24-femme-bleu-fonce-raye\/"},"modified":"2025-03-16T00:57:10","modified_gmt":"2025-03-15T23:57:10","slug":"chemise-manches-longues-h24-femme-bleu-fonce-raye","status":"publish","type":"product","link":"https:\/\/streetmarkets.fr\/app\/produit\/chemise-manches-longues-h24-femme-bleu-fonce-raye\/","title":{"rendered":"Chemise Manches Longues (H24 \/ FEMME \/ Bleu Fonce Raye)"},"content":{"rendered":"<p>Jeu de lignes avec cette chemise popeline \u00e0 rayures orn\u00e9e d&#8217;une broderie &#8220;From Future Sport Leisure Club&#8221; sur la poitrine. Munie d&#8217;un col et de manches longues, elle d\u00e9voile une fermeture et des poignets boutonn\u00e9e. Incarnant l&#8217;\u00e9l\u00e9gance d\u00e9contract\u00e9e, mixez-la \u00e0 un t-shirt ample et un pantalon droit.<\/p>\n<p>&#8211; Chemise popeline en coton Femme<br \/>\n<br \/>&#8211; Rayures<br \/>\n<br \/>&#8211; Broderie &#8220;From Future Sport Leisure Club&#8221; sur la poitrine<br \/>\n<br \/>&#8211; Col chemise<br \/>\n<br \/>&#8211; Manches longues<br \/>\n<br \/>&#8211; Poignets boutonn\u00e9s<br \/>\n<br \/>&#8211; Fermeture boutonn\u00e9e<br \/>\n<br \/>&#8211; Coupe regular<\/p>\n","protected":false},"excerpt":{"rendered":"<p>Jeu de lignes avec cette chemise popeline \u00e0 rayures orn\u00e9e d&#8217;une broderie &#8220;From Future Sport Leisure Club&#8221; sur la poitrine. Munie d&#8217;un col et de manches longues, elle d\u00e9voile une fermeture et des poignets boutonn\u00e9e. Incarnant l&#8217;\u00e9l\u00e9gance d\u00e9contract\u00e9e, mixez-la \u00e0 un t-shirt ample et un pantalon droit. &#8211; Chemise popeline en coton Femme &#8211; Rayures [&hellip;]<\/p>\n","protected":false},"featured_media":755782,"comment_status":"open","ping_status":"closed","template":"","meta":[],"product_brand":[6868],"product_cat":[1756,1762],"product_tag":[2244],"acf":[],"_links":{"self":[{"href":"https:\/\/streetmarkets.fr\/app\/wp-json\/wp\/v2\/product\/755781"}],"collection":[{"href":"https:\/\/streetmarkets.fr\/app\/wp-json\/wp\/v2\/product"}],"about":[{"href":"https:\/\/streetmarkets.fr\/app\/wp-json\/wp\/v2\/types\/product"}],"replies":[{"embeddable":true,"href":"https:\/\/streetmarkets.fr\/app\/wp-json\/wp\/v2\/comments?post=755781"}],"wp:featuredmedia":[{"embeddable":true,"href":"https:\/\/streetmarkets.fr\/app\/wp-json\/wp\/v2\/media\/755782"}],"wp:attachment":[{"href":"https:\/\/streetmarkets.fr\/app\/wp-json\/wp\/v2\/media?parent=755781"}],"wp:term":[{"taxonomy":"product_brand","embeddable":true,"href":"https:\/\/streetmarkets.fr\/app\/wp-json\/wp\/v2\/product_brand?post=755781"},{"taxonomy":"product_cat","embeddable":true,"href":"https:\/\/streetmarkets.fr\/app\/wp-json\/wp\/v2\/product_cat?post=755781"},{"taxonomy":"product_tag","embeddable":true,"href":"https:\/\/streetmarkets.fr\/app\/wp-json\/wp\/v2\/product_tag?post=755781"}],"curies":[{"name":"wp","href":"https:\/\/api.w.org\/{rel}","templated":true}]}}