{"id":755773,"date":"2024-10-17T02:13:42","date_gmt":"2024-10-17T00:13:42","guid":{"rendered":"https:\/\/streetmarkets.fr\/app\/produit\/chaussettes-mi-hautes-coeur-h24-accessoires-utopic-pink\/"},"modified":"2025-01-22T01:14:29","modified_gmt":"2025-01-22T00:14:29","slug":"chaussettes-mi-hautes-coeur-h24-accessoires-utopic-pink","status":"publish","type":"product","link":"https:\/\/streetmarkets.fr\/app\/produit\/chaussettes-mi-hautes-coeur-h24-accessoires-utopic-pink\/","title":{"rendered":"Chaussettes Mi-hautes Coeur (H24 \/ ACCESSOIRES \/ Utopic Pink)"},"content":{"rendered":"<p>D\u00e9clin\u00e9 dans un colorama in\u00e9dit, ces chaussettes mi-hautes apportent une touche d&#8217;\u00e9clat \u00e0 votre allure. Confectionn\u00e9es en cachemire, un c\u0153ur brod\u00e9 &#8220;Future&#8221; se d\u00e9voile, vous invitant \u00e0 rejoindre le Club ! C\u00f4tel\u00e9es et ajust\u00e9es aux chevilles, elles se portent sans mod\u00e9ration et autorisent tous les styles.<\/p>\n<p>&#8211; Chaussettes mi-hautes en cachemire certifi\u00e9 GCS\u00ae<br \/>\n<br \/>&#8211; C\u0153ur brod\u00e9 &#8220;Future&#8221;<br \/>\n<br \/>&#8211; C\u00f4tel\u00e9es<br \/>\n<br \/>&#8211; Ajust\u00e9es aux chevilles<br \/>\n<br \/>&#8211; Coupe regular<br \/>\n<br \/>&#8211; Le Good Cashmere Standard\u00ae (GCS) est une norme ind\u00e9pendante pour un cachemire plus durable et plus responsable. Il vise \u00e0 am\u00e9liorer le bien-\u00eatre des ch\u00e8vres cachemire, les conditions de travail des \u00e9leveurs ainsi qu&#8217;\u00e0 prot\u00e9ger l&#8217;environnement.<\/p>\n","protected":false},"excerpt":{"rendered":"<p>D\u00e9clin\u00e9 dans un colorama in\u00e9dit, ces chaussettes mi-hautes apportent une touche d&#8217;\u00e9clat \u00e0 votre allure. Confectionn\u00e9es en cachemire, un c\u0153ur brod\u00e9 &#8220;Future&#8221; se d\u00e9voile, vous invitant \u00e0 rejoindre le Club ! C\u00f4tel\u00e9es et ajust\u00e9es aux chevilles, elles se portent sans mod\u00e9ration et autorisent tous les styles. &#8211; Chaussettes mi-hautes en cachemire certifi\u00e9 GCS\u00ae &#8211; C\u0153ur [&hellip;]<\/p>\n","protected":false},"featured_media":755774,"comment_status":"open","ping_status":"closed","template":"","meta":[],"product_brand":[6868],"product_cat":[1756,1764],"product_tag":[2244],"acf":[],"_links":{"self":[{"href":"https:\/\/streetmarkets.fr\/app\/wp-json\/wp\/v2\/product\/755773"}],"collection":[{"href":"https:\/\/streetmarkets.fr\/app\/wp-json\/wp\/v2\/product"}],"about":[{"href":"https:\/\/streetmarkets.fr\/app\/wp-json\/wp\/v2\/types\/product"}],"replies":[{"embeddable":true,"href":"https:\/\/streetmarkets.fr\/app\/wp-json\/wp\/v2\/comments?post=755773"}],"wp:featuredmedia":[{"embeddable":true,"href":"https:\/\/streetmarkets.fr\/app\/wp-json\/wp\/v2\/media\/755774"}],"wp:attachment":[{"href":"https:\/\/streetmarkets.fr\/app\/wp-json\/wp\/v2\/media?parent=755773"}],"wp:term":[{"taxonomy":"product_brand","embeddable":true,"href":"https:\/\/streetmarkets.fr\/app\/wp-json\/wp\/v2\/product_brand?post=755773"},{"taxonomy":"product_cat","embeddable":true,"href":"https:\/\/streetmarkets.fr\/app\/wp-json\/wp\/v2\/product_cat?post=755773"},{"taxonomy":"product_tag","embeddable":true,"href":"https:\/\/streetmarkets.fr\/app\/wp-json\/wp\/v2\/product_tag?post=755773"}],"curies":[{"name":"wp","href":"https:\/\/api.w.org\/{rel}","templated":true}]}}