{"id":743928,"date":"2024-10-16T17:42:50","date_gmt":"2024-10-16T15:42:50","guid":{"rendered":"https:\/\/streetmarkets.fr\/app\/produit\/boucles-doreilles-fraises-coucou-suzette\/"},"modified":"2026-04-30T01:40:06","modified_gmt":"2026-04-29T23:40:06","slug":"boucles-doreilles-fraises-coucou-suzette","status":"publish","type":"product","link":"https:\/\/streetmarkets.fr\/app\/produit\/boucles-doreilles-fraises-coucou-suzette\/","title":{"rendered":"Boucles d&#8217;Oreilles Fraises &#8211; Coucou Suzette"},"content":{"rendered":"<p class=\"\">Une chouette paire de boucles d\u2019oreilles avec de petites fraises craquantes suspendues \u00e0 un \u00e9l\u00e9gant anneau plaqu\u00e9 or fa\u00e7on cr\u00e9oles, mais subtilement d\u00e9pareill\u00e9es.<\/p>\n<p class=\"\">Dans les tons rouge, vert et dor\u00e9, ce bijou ultra l\u00e9ger est au top pour apporter la touche fun qui manquait \u00e0 notre outfit du jour !<\/p>\n<p class=\"\"><strong>Hauteur : <\/strong>4 cm \/ <strong>Largeur : <\/strong>2,5 cm \/ <strong>Poids : <\/strong>15,6 g<\/p>\n<p class=\"\"><strong>Composition : <\/strong>Acier Plaqu\u00e9 Or 3 microns &amp; Ac\u00e9tate<\/p>\n","protected":false},"excerpt":{"rendered":"<p>Une chouette paire de boucles d\u2019oreilles avec de petites fraises craquantes suspendues \u00e0 un \u00e9l\u00e9gant anneau plaqu\u00e9 or fa\u00e7on cr\u00e9oles, mais subtilement d\u00e9pareill\u00e9es. Dans les tons rouge, vert et dor\u00e9, ce bijou ultra l\u00e9ger est au top pour apporter la touche fun qui manquait \u00e0 notre outfit du jour ! Hauteur : 4 cm \/ [&hellip;]<\/p>\n","protected":false},"featured_media":743929,"comment_status":"open","ping_status":"closed","template":"","meta":[],"product_brand":[],"product_cat":[1807,1756],"product_tag":[2244],"acf":[],"_links":{"self":[{"href":"https:\/\/streetmarkets.fr\/app\/wp-json\/wp\/v2\/product\/743928"}],"collection":[{"href":"https:\/\/streetmarkets.fr\/app\/wp-json\/wp\/v2\/product"}],"about":[{"href":"https:\/\/streetmarkets.fr\/app\/wp-json\/wp\/v2\/types\/product"}],"replies":[{"embeddable":true,"href":"https:\/\/streetmarkets.fr\/app\/wp-json\/wp\/v2\/comments?post=743928"}],"wp:featuredmedia":[{"embeddable":true,"href":"https:\/\/streetmarkets.fr\/app\/wp-json\/wp\/v2\/media\/743929"}],"wp:attachment":[{"href":"https:\/\/streetmarkets.fr\/app\/wp-json\/wp\/v2\/media?parent=743928"}],"wp:term":[{"taxonomy":"product_brand","embeddable":true,"href":"https:\/\/streetmarkets.fr\/app\/wp-json\/wp\/v2\/product_brand?post=743928"},{"taxonomy":"product_cat","embeddable":true,"href":"https:\/\/streetmarkets.fr\/app\/wp-json\/wp\/v2\/product_cat?post=743928"},{"taxonomy":"product_tag","embeddable":true,"href":"https:\/\/streetmarkets.fr\/app\/wp-json\/wp\/v2\/product_tag?post=743928"}],"curies":[{"name":"wp","href":"https:\/\/api.w.org\/{rel}","templated":true}]}}