{"id":743922,"date":"2024-10-16T17:42:49","date_gmt":"2024-10-16T15:42:49","guid":{"rendered":"https:\/\/streetmarkets.fr\/app\/produit\/boucles-doreilles-oeil-bleu-coucou-suzette\/"},"modified":"2026-05-09T01:40:12","modified_gmt":"2026-05-08T23:40:12","slug":"boucles-doreilles-oeil-bleu-coucou-suzette","status":"publish","type":"product","link":"https:\/\/streetmarkets.fr\/app\/produit\/boucles-doreilles-oeil-bleu-coucou-suzette\/","title":{"rendered":"Boucles d&#8217;Oreilles Oeil &#8211; Bleu &#8211; Coucou Suzette"},"content":{"rendered":"<p class=\"\">L&#8217;\u0153il bleu, l\u2019embl\u00e8me ador\u00e9 de Coucou Suzette, se d\u00e9cline \u00e0 l\u2019infini ! Il revient ici sous forme de boucles d\u2019oreilles r\u00e9tro, suspendu \u00e0 un petit anneau plaqu\u00e9 or, avec ses bordures \u00e9cailles de tortue et son iris bleu turquoise iris\u00e9. \u00c0 porter en journ\u00e9e ou pour les soirs de f\u00eate, comme un petit gri-gri qui vous portera bonheur partout o\u00f9 vous irez !<\/p>\n","protected":false},"excerpt":{"rendered":"<p>L&#8217;\u0153il bleu, l\u2019embl\u00e8me ador\u00e9 de Coucou Suzette, se d\u00e9cline \u00e0 l\u2019infini ! Il revient ici sous forme de boucles d\u2019oreilles r\u00e9tro, suspendu \u00e0 un petit anneau plaqu\u00e9 or, avec ses bordures \u00e9cailles de tortue et son iris bleu turquoise iris\u00e9. \u00c0 porter en journ\u00e9e ou pour les soirs de f\u00eate, comme un petit gri-gri qui [&hellip;]<\/p>\n","protected":false},"featured_media":743923,"comment_status":"open","ping_status":"closed","template":"","meta":[],"product_brand":[],"product_cat":[1807,1756],"product_tag":[2244],"acf":[],"_links":{"self":[{"href":"https:\/\/streetmarkets.fr\/app\/wp-json\/wp\/v2\/product\/743922"}],"collection":[{"href":"https:\/\/streetmarkets.fr\/app\/wp-json\/wp\/v2\/product"}],"about":[{"href":"https:\/\/streetmarkets.fr\/app\/wp-json\/wp\/v2\/types\/product"}],"replies":[{"embeddable":true,"href":"https:\/\/streetmarkets.fr\/app\/wp-json\/wp\/v2\/comments?post=743922"}],"wp:featuredmedia":[{"embeddable":true,"href":"https:\/\/streetmarkets.fr\/app\/wp-json\/wp\/v2\/media\/743923"}],"wp:attachment":[{"href":"https:\/\/streetmarkets.fr\/app\/wp-json\/wp\/v2\/media?parent=743922"}],"wp:term":[{"taxonomy":"product_brand","embeddable":true,"href":"https:\/\/streetmarkets.fr\/app\/wp-json\/wp\/v2\/product_brand?post=743922"},{"taxonomy":"product_cat","embeddable":true,"href":"https:\/\/streetmarkets.fr\/app\/wp-json\/wp\/v2\/product_cat?post=743922"},{"taxonomy":"product_tag","embeddable":true,"href":"https:\/\/streetmarkets.fr\/app\/wp-json\/wp\/v2\/product_tag?post=743922"}],"curies":[{"name":"wp","href":"https:\/\/api.w.org\/{rel}","templated":true}]}}