{"id":743913,"date":"2024-10-16T17:42:49","date_gmt":"2024-10-16T15:42:49","guid":{"rendered":"https:\/\/streetmarkets.fr\/app\/produit\/boucles-doreilles-paquerettes-2\/"},"modified":"2026-05-09T01:40:13","modified_gmt":"2026-05-08T23:40:13","slug":"boucles-doreilles-paquerettes-2","status":"publish","type":"product","link":"https:\/\/streetmarkets.fr\/app\/produit\/boucles-doreilles-paquerettes-2\/","title":{"rendered":"Boucles d&#8217;oreilles P\u00e2querettes"},"content":{"rendered":"<p class=\"\">Des boucles d\u2019oreilles p\u00e2querettes pour montrer votre caract\u00e8re \u00e0 l\u2019image de cette jolie fleur blanche au coeur jaune vif : indomptable, sur tous les fronts et qui met de la beaut\u00e9 partout o\u00f9 elle est !&nbsp;<\/p>\n<p class=\"\">La fleur est faite \u00e0 partir d&#8217;ac\u00e9tate de cellulose recycl\u00e9e &amp; biod\u00e9gradable (eco-friendly) et l\u2019anneau est en acier inoxydable recouvert d&#8217;une couche d&#8217;or de 0.3 microns.<\/p>\n","protected":false},"excerpt":{"rendered":"<p>Des boucles d\u2019oreilles p\u00e2querettes pour montrer votre caract\u00e8re \u00e0 l\u2019image de cette jolie fleur blanche au coeur jaune vif : indomptable, sur tous les fronts et qui met de la beaut\u00e9 partout o\u00f9 elle est !&nbsp; La fleur est faite \u00e0 partir d&#8217;ac\u00e9tate de cellulose recycl\u00e9e &amp; biod\u00e9gradable (eco-friendly) et l\u2019anneau est en acier inoxydable [&hellip;]<\/p>\n","protected":false},"featured_media":743914,"comment_status":"open","ping_status":"closed","template":"","meta":[],"product_brand":[],"product_cat":[1807,1756],"product_tag":[2244],"acf":[],"_links":{"self":[{"href":"https:\/\/streetmarkets.fr\/app\/wp-json\/wp\/v2\/product\/743913"}],"collection":[{"href":"https:\/\/streetmarkets.fr\/app\/wp-json\/wp\/v2\/product"}],"about":[{"href":"https:\/\/streetmarkets.fr\/app\/wp-json\/wp\/v2\/types\/product"}],"replies":[{"embeddable":true,"href":"https:\/\/streetmarkets.fr\/app\/wp-json\/wp\/v2\/comments?post=743913"}],"wp:featuredmedia":[{"embeddable":true,"href":"https:\/\/streetmarkets.fr\/app\/wp-json\/wp\/v2\/media\/743914"}],"wp:attachment":[{"href":"https:\/\/streetmarkets.fr\/app\/wp-json\/wp\/v2\/media?parent=743913"}],"wp:term":[{"taxonomy":"product_brand","embeddable":true,"href":"https:\/\/streetmarkets.fr\/app\/wp-json\/wp\/v2\/product_brand?post=743913"},{"taxonomy":"product_cat","embeddable":true,"href":"https:\/\/streetmarkets.fr\/app\/wp-json\/wp\/v2\/product_cat?post=743913"},{"taxonomy":"product_tag","embeddable":true,"href":"https:\/\/streetmarkets.fr\/app\/wp-json\/wp\/v2\/product_tag?post=743913"}],"curies":[{"name":"wp","href":"https:\/\/api.w.org\/{rel}","templated":true}]}}