{"id":743905,"date":"2024-10-16T17:42:48","date_gmt":"2024-10-16T15:42:48","guid":{"rendered":"https:\/\/streetmarkets.fr\/app\/produit\/boucles-doreilles-citrons-coucou-suzette\/"},"modified":"2026-04-18T01:40:05","modified_gmt":"2026-04-17T23:40:05","slug":"boucles-doreilles-citrons-coucou-suzette","status":"publish","type":"product","link":"https:\/\/streetmarkets.fr\/app\/produit\/boucles-doreilles-citrons-coucou-suzette\/","title":{"rendered":"Boucles d&#8217;Oreilles Citrons &#8211; Coucou Suzette"},"content":{"rendered":"<p class=\"\">Un zeste ou plus si affinit\u00e9s\u2026 Deux jolis petits citrons d\u00e9pareill\u00e9s suspendus \u00e0 d&#8217;intemporels anneaux plaqu\u00e9s or : un citron entier d\u2019un c\u00f4t\u00e9, un petit quartier (en clin d&#8217;\u0153il \u00e0 nos cocktails pr\u00e9f\u00e9r\u00e9s) de l\u2019autre. De belles boucles d\u2019oreilles acidul\u00e9es ultra l\u00e9g\u00e8res \u00e0 porter et qui nous donnent des airs de Sofia Loren pour cr\u00e2ner tout l\u2019\u00e9t\u00e9.<\/p>\n<p class=\"\"><strong>Hauteur : <\/strong>3,9 cm \/ <strong>Largeur : <\/strong>3,9 cm \/ <strong>Poids : <\/strong>15,1 g<\/p>\n<p class=\"\"><strong>Composition : <\/strong>Acier Plaqu\u00e9 Or 3 microns &amp; Ac\u00e9tate<\/p>\n","protected":false},"excerpt":{"rendered":"<p>Un zeste ou plus si affinit\u00e9s\u2026 Deux jolis petits citrons d\u00e9pareill\u00e9s suspendus \u00e0 d&#8217;intemporels anneaux plaqu\u00e9s or : un citron entier d\u2019un c\u00f4t\u00e9, un petit quartier (en clin d&#8217;\u0153il \u00e0 nos cocktails pr\u00e9f\u00e9r\u00e9s) de l\u2019autre. De belles boucles d\u2019oreilles acidul\u00e9es ultra l\u00e9g\u00e8res \u00e0 porter et qui nous donnent des airs de Sofia Loren pour cr\u00e2ner [&hellip;]<\/p>\n","protected":false},"featured_media":743906,"comment_status":"open","ping_status":"closed","template":"","meta":[],"product_brand":[],"product_cat":[1807,1756],"product_tag":[2244],"acf":[],"_links":{"self":[{"href":"https:\/\/streetmarkets.fr\/app\/wp-json\/wp\/v2\/product\/743905"}],"collection":[{"href":"https:\/\/streetmarkets.fr\/app\/wp-json\/wp\/v2\/product"}],"about":[{"href":"https:\/\/streetmarkets.fr\/app\/wp-json\/wp\/v2\/types\/product"}],"replies":[{"embeddable":true,"href":"https:\/\/streetmarkets.fr\/app\/wp-json\/wp\/v2\/comments?post=743905"}],"wp:featuredmedia":[{"embeddable":true,"href":"https:\/\/streetmarkets.fr\/app\/wp-json\/wp\/v2\/media\/743906"}],"wp:attachment":[{"href":"https:\/\/streetmarkets.fr\/app\/wp-json\/wp\/v2\/media?parent=743905"}],"wp:term":[{"taxonomy":"product_brand","embeddable":true,"href":"https:\/\/streetmarkets.fr\/app\/wp-json\/wp\/v2\/product_brand?post=743905"},{"taxonomy":"product_cat","embeddable":true,"href":"https:\/\/streetmarkets.fr\/app\/wp-json\/wp\/v2\/product_cat?post=743905"},{"taxonomy":"product_tag","embeddable":true,"href":"https:\/\/streetmarkets.fr\/app\/wp-json\/wp\/v2\/product_tag?post=743905"}],"curies":[{"name":"wp","href":"https:\/\/api.w.org\/{rel}","templated":true}]}}