{"id":743898,"date":"2024-10-16T17:42:48","date_gmt":"2024-10-16T15:42:48","guid":{"rendered":"https:\/\/streetmarkets.fr\/app\/produit\/pince-a-cheveux-aubergine-coucou-suzette\/"},"modified":"2026-05-12T01:40:14","modified_gmt":"2026-05-11T23:40:14","slug":"pince-a-cheveux-aubergine-coucou-suzette","status":"publish","type":"product","link":"https:\/\/streetmarkets.fr\/app\/produit\/pince-a-cheveux-aubergine-coucou-suzette\/","title":{"rendered":"Pince \u00e0 cheveux Aubergine &#8211; Coucou Suzette"},"content":{"rendered":"<p class=\"\">Quoi de mieux qu\u2019une aubergine dans les cheveux ?<\/p>\n<p class=\"\">Son doux violet nacr\u00e9 rehaussera subtilement vos t\u00eates.<\/p>\n<p class=\"\">Un l\u00e9gume simple et efficace.  <\/p>\n","protected":false},"excerpt":{"rendered":"<p>Quoi de mieux qu\u2019une aubergine dans les cheveux ? Son doux violet nacr\u00e9 rehaussera subtilement vos t\u00eates. Un l\u00e9gume simple et efficace.<\/p>\n","protected":false},"featured_media":743899,"comment_status":"open","ping_status":"closed","template":"","meta":[],"product_brand":[],"product_cat":[1756,1764],"product_tag":[2244],"acf":[],"_links":{"self":[{"href":"https:\/\/streetmarkets.fr\/app\/wp-json\/wp\/v2\/product\/743898"}],"collection":[{"href":"https:\/\/streetmarkets.fr\/app\/wp-json\/wp\/v2\/product"}],"about":[{"href":"https:\/\/streetmarkets.fr\/app\/wp-json\/wp\/v2\/types\/product"}],"replies":[{"embeddable":true,"href":"https:\/\/streetmarkets.fr\/app\/wp-json\/wp\/v2\/comments?post=743898"}],"wp:featuredmedia":[{"embeddable":true,"href":"https:\/\/streetmarkets.fr\/app\/wp-json\/wp\/v2\/media\/743899"}],"wp:attachment":[{"href":"https:\/\/streetmarkets.fr\/app\/wp-json\/wp\/v2\/media?parent=743898"}],"wp:term":[{"taxonomy":"product_brand","embeddable":true,"href":"https:\/\/streetmarkets.fr\/app\/wp-json\/wp\/v2\/product_brand?post=743898"},{"taxonomy":"product_cat","embeddable":true,"href":"https:\/\/streetmarkets.fr\/app\/wp-json\/wp\/v2\/product_cat?post=743898"},{"taxonomy":"product_tag","embeddable":true,"href":"https:\/\/streetmarkets.fr\/app\/wp-json\/wp\/v2\/product_tag?post=743898"}],"curies":[{"name":"wp","href":"https:\/\/api.w.org\/{rel}","templated":true}]}}