{"id":743891,"date":"2024-10-16T17:42:47","date_gmt":"2024-10-16T15:42:47","guid":{"rendered":"https:\/\/streetmarkets.fr\/app\/produit\/pince-a-cheveux-paquerette-by-coucou-suzette\/"},"modified":"2026-04-11T01:40:14","modified_gmt":"2026-04-10T23:40:14","slug":"pince-a-cheveux-paquerette-by-coucou-suzette","status":"publish","type":"product","link":"https:\/\/streetmarkets.fr\/app\/produit\/pince-a-cheveux-paquerette-by-coucou-suzette\/","title":{"rendered":"Pince \u00e0 cheveux P\u00e2querette by Coucou Suzette"},"content":{"rendered":"<p class=\"\">Une jolie pince \u00e0 cheveux p\u00e2querette blanche et jaune qui nous rappelle ces petites barrettes papillons qu&#8217;on avait toutes dans les ann\u00e9es 90 (n&#8217;est ce pas!?) et qu\u2019on portait par 5 ou 6 avec une raie zig zag. On pr\u00e9f\u00e8rera quand m\u00eame la version plus moderne et \u00e9l\u00e9gante!<\/p>\n<p class=\"\">Pince \u00e0 cheveux fleur faite \u00e0 partir d&#8217;ac\u00e9tate de cellulose recycl\u00e9e &amp; biod\u00e9gradable (eco-friendly).<\/p>\n<p class=\"\"><strong>Hauteur : <\/strong>4,7 cm<\/p>\n<p class=\"\"><strong>Largeur : <\/strong>5 cm<\/p>\n<p class=\"\"><strong>Poids : <\/strong>14,1 gr<\/p>\n<p class=\"\"><strong>Composition : <\/strong>Acetate de Cellulose Recycl\u00e9e &amp; Biod\u00e9gradable (Eco-Friendly)<\/p>\n","protected":false},"excerpt":{"rendered":"<p>Une jolie pince \u00e0 cheveux p\u00e2querette blanche et jaune qui nous rappelle ces petites barrettes papillons qu&#8217;on avait toutes dans les ann\u00e9es 90 (n&#8217;est ce pas!?) et qu\u2019on portait par 5 ou 6 avec une raie zig zag. On pr\u00e9f\u00e8rera quand m\u00eame la version plus moderne et \u00e9l\u00e9gante! Pince \u00e0 cheveux fleur faite \u00e0 partir [&hellip;]<\/p>\n","protected":false},"featured_media":743892,"comment_status":"open","ping_status":"closed","template":"","meta":[],"product_brand":[],"product_cat":[1756,1764],"product_tag":[2244],"acf":[],"_links":{"self":[{"href":"https:\/\/streetmarkets.fr\/app\/wp-json\/wp\/v2\/product\/743891"}],"collection":[{"href":"https:\/\/streetmarkets.fr\/app\/wp-json\/wp\/v2\/product"}],"about":[{"href":"https:\/\/streetmarkets.fr\/app\/wp-json\/wp\/v2\/types\/product"}],"replies":[{"embeddable":true,"href":"https:\/\/streetmarkets.fr\/app\/wp-json\/wp\/v2\/comments?post=743891"}],"wp:featuredmedia":[{"embeddable":true,"href":"https:\/\/streetmarkets.fr\/app\/wp-json\/wp\/v2\/media\/743892"}],"wp:attachment":[{"href":"https:\/\/streetmarkets.fr\/app\/wp-json\/wp\/v2\/media?parent=743891"}],"wp:term":[{"taxonomy":"product_brand","embeddable":true,"href":"https:\/\/streetmarkets.fr\/app\/wp-json\/wp\/v2\/product_brand?post=743891"},{"taxonomy":"product_cat","embeddable":true,"href":"https:\/\/streetmarkets.fr\/app\/wp-json\/wp\/v2\/product_cat?post=743891"},{"taxonomy":"product_tag","embeddable":true,"href":"https:\/\/streetmarkets.fr\/app\/wp-json\/wp\/v2\/product_tag?post=743891"}],"curies":[{"name":"wp","href":"https:\/\/api.w.org\/{rel}","templated":true}]}}