{"id":743748,"date":"2024-10-16T17:42:38","date_gmt":"2024-10-16T15:42:38","guid":{"rendered":"https:\/\/streetmarkets.fr\/app\/produit\/pince-a-cheveux-bouche-coucou-suzette\/"},"modified":"2026-05-09T01:40:14","modified_gmt":"2026-05-08T23:40:14","slug":"pince-a-cheveux-bouche-coucou-suzette","status":"publish","type":"product","link":"https:\/\/streetmarkets.fr\/app\/produit\/pince-a-cheveux-bouche-coucou-suzette\/","title":{"rendered":"Pince \u00e0 cheveux Bouche &#8211; Coucou Suzette"},"content":{"rendered":"<p class=\"\">Belle barrette en forme de bouche rouge pulpeuse \u00e0 souhait \u00e0 clipser dans vos cheveux pour \u00e9gayer une tenue un poil trop sage.<\/p>\n<p class=\"\">Barrette \u00e0 cheveux kitsch et rigolote faite \u00e0 partir d\u2019acetate de cellulose rouge iris\u00e9e recycl\u00e9e &amp; biod\u00e9gradable (eco-friendly).<\/p>\n<p class=\"\"><strong>Hauteur: <\/strong>4,2 cm<\/p>\n<p class=\"\"><strong>Largeur : <\/strong>8,8 cm<\/p>\n<p class=\"\"><strong>Poids : <\/strong>26 gr<\/p>\n<p class=\"\"><strong>Composition : <\/strong>Acetate de Cellulose Recycl\u00e9e &amp; Biod\u00e9gradable (Eco-Friendly)<\/p>\n","protected":false},"excerpt":{"rendered":"<p>Belle barrette en forme de bouche rouge pulpeuse \u00e0 souhait \u00e0 clipser dans vos cheveux pour \u00e9gayer une tenue un poil trop sage. Barrette \u00e0 cheveux kitsch et rigolote faite \u00e0 partir d\u2019acetate de cellulose rouge iris\u00e9e recycl\u00e9e &amp; biod\u00e9gradable (eco-friendly). Hauteur: 4,2 cm Largeur : 8,8 cm Poids : 26 gr Composition : Acetate [&hellip;]<\/p>\n","protected":false},"featured_media":743749,"comment_status":"open","ping_status":"closed","template":"","meta":[],"product_brand":[],"product_cat":[1756,1764],"product_tag":[2244],"acf":[],"_links":{"self":[{"href":"https:\/\/streetmarkets.fr\/app\/wp-json\/wp\/v2\/product\/743748"}],"collection":[{"href":"https:\/\/streetmarkets.fr\/app\/wp-json\/wp\/v2\/product"}],"about":[{"href":"https:\/\/streetmarkets.fr\/app\/wp-json\/wp\/v2\/types\/product"}],"replies":[{"embeddable":true,"href":"https:\/\/streetmarkets.fr\/app\/wp-json\/wp\/v2\/comments?post=743748"}],"wp:featuredmedia":[{"embeddable":true,"href":"https:\/\/streetmarkets.fr\/app\/wp-json\/wp\/v2\/media\/743749"}],"wp:attachment":[{"href":"https:\/\/streetmarkets.fr\/app\/wp-json\/wp\/v2\/media?parent=743748"}],"wp:term":[{"taxonomy":"product_brand","embeddable":true,"href":"https:\/\/streetmarkets.fr\/app\/wp-json\/wp\/v2\/product_brand?post=743748"},{"taxonomy":"product_cat","embeddable":true,"href":"https:\/\/streetmarkets.fr\/app\/wp-json\/wp\/v2\/product_cat?post=743748"},{"taxonomy":"product_tag","embeddable":true,"href":"https:\/\/streetmarkets.fr\/app\/wp-json\/wp\/v2\/product_tag?post=743748"}],"curies":[{"name":"wp","href":"https:\/\/api.w.org\/{rel}","templated":true}]}}