{"id":743737,"date":"2024-10-16T17:42:38","date_gmt":"2024-10-16T15:42:38","guid":{"rendered":"https:\/\/streetmarkets.fr\/app\/produit\/pince-a-cheveux-grive\/"},"modified":"2026-05-09T01:40:14","modified_gmt":"2026-05-08T23:40:14","slug":"pince-a-cheveux-grive","status":"publish","type":"product","link":"https:\/\/streetmarkets.fr\/app\/produit\/pince-a-cheveux-grive\/","title":{"rendered":"Pince \u00e0 cheveux Grive"},"content":{"rendered":"<p class=\"\">Un petit oiseau craquant tachet\u00e9 de marron avec son joli plumage si particulier sur votre t\u00eate !<\/p>\n<p class=\"\">On aime le d\u00e9tail du bec rouge orang\u00e9 et des touches dor\u00e9es qui donnent de la structure \u00e0 cette grive en plein envol. Une pince bijoux qui r\u00e9haussera en un clin d&#8217;\u0153il tous nos looks !<\/p>\n","protected":false},"excerpt":{"rendered":"<p>Un petit oiseau craquant tachet\u00e9 de marron avec son joli plumage si particulier sur votre t\u00eate ! On aime le d\u00e9tail du bec rouge orang\u00e9 et des touches dor\u00e9es qui donnent de la structure \u00e0 cette grive en plein envol. Une pince bijoux qui r\u00e9haussera en un clin d&#8217;\u0153il tous nos looks !<\/p>\n","protected":false},"featured_media":743738,"comment_status":"open","ping_status":"closed","template":"","meta":[],"product_brand":[],"product_cat":[1756,1764],"product_tag":[2244],"acf":[],"_links":{"self":[{"href":"https:\/\/streetmarkets.fr\/app\/wp-json\/wp\/v2\/product\/743737"}],"collection":[{"href":"https:\/\/streetmarkets.fr\/app\/wp-json\/wp\/v2\/product"}],"about":[{"href":"https:\/\/streetmarkets.fr\/app\/wp-json\/wp\/v2\/types\/product"}],"replies":[{"embeddable":true,"href":"https:\/\/streetmarkets.fr\/app\/wp-json\/wp\/v2\/comments?post=743737"}],"wp:featuredmedia":[{"embeddable":true,"href":"https:\/\/streetmarkets.fr\/app\/wp-json\/wp\/v2\/media\/743738"}],"wp:attachment":[{"href":"https:\/\/streetmarkets.fr\/app\/wp-json\/wp\/v2\/media?parent=743737"}],"wp:term":[{"taxonomy":"product_brand","embeddable":true,"href":"https:\/\/streetmarkets.fr\/app\/wp-json\/wp\/v2\/product_brand?post=743737"},{"taxonomy":"product_cat","embeddable":true,"href":"https:\/\/streetmarkets.fr\/app\/wp-json\/wp\/v2\/product_cat?post=743737"},{"taxonomy":"product_tag","embeddable":true,"href":"https:\/\/streetmarkets.fr\/app\/wp-json\/wp\/v2\/product_tag?post=743737"}],"curies":[{"name":"wp","href":"https:\/\/api.w.org\/{rel}","templated":true}]}}