{"id":743729,"date":"2024-10-16T17:42:37","date_gmt":"2024-10-16T15:42:37","guid":{"rendered":"https:\/\/streetmarkets.fr\/app\/produit\/barrette-corgi-coucou-suzette\/"},"modified":"2026-04-30T01:40:06","modified_gmt":"2026-04-29T23:40:06","slug":"barrette-corgi-coucou-suzette","status":"publish","type":"product","link":"https:\/\/streetmarkets.fr\/app\/produit\/barrette-corgi-coucou-suzette\/","title":{"rendered":"Barrette Corgi &#8211; Coucou suzette"},"content":{"rendered":"<p class=\"\">Le Corgi chouchou avait d\u00e9j\u00e0 plusieurs cr\u00e9ations \u00e0 son effigie, le voil\u00e0 \u00e0 nouveau sous forme de barrette \u00e0 cheveux ! Cette petite brioche sur pattes et sa bouille \u00e0 croquer mettront du peps dans toutes les coiffures, m\u00eame les plus sages. Impossible de passer inaper\u00e7u.e avec ce toutou dans les cheveux !<\/p>\n<p class=\"\"><strong>Hauteur : <\/strong>4,5 cm \/ <strong>Largeur : <\/strong>4 cm \/ <strong>Poids : <\/strong>5,6 gr<\/p>\n<p class=\"\"><strong>Composition : <\/strong>Acetate de Cellulose Recycl\u00e9e &amp; Biod\u00e9gradable (Eco-Friendly)<\/p>\n","protected":false},"excerpt":{"rendered":"<p>Le Corgi chouchou avait d\u00e9j\u00e0 plusieurs cr\u00e9ations \u00e0 son effigie, le voil\u00e0 \u00e0 nouveau sous forme de barrette \u00e0 cheveux ! Cette petite brioche sur pattes et sa bouille \u00e0 croquer mettront du peps dans toutes les coiffures, m\u00eame les plus sages. Impossible de passer inaper\u00e7u.e avec ce toutou dans les cheveux ! Hauteur : [&hellip;]<\/p>\n","protected":false},"featured_media":743730,"comment_status":"open","ping_status":"closed","template":"","meta":[],"product_brand":[],"product_cat":[1756,1764],"product_tag":[2244],"acf":[],"_links":{"self":[{"href":"https:\/\/streetmarkets.fr\/app\/wp-json\/wp\/v2\/product\/743729"}],"collection":[{"href":"https:\/\/streetmarkets.fr\/app\/wp-json\/wp\/v2\/product"}],"about":[{"href":"https:\/\/streetmarkets.fr\/app\/wp-json\/wp\/v2\/types\/product"}],"replies":[{"embeddable":true,"href":"https:\/\/streetmarkets.fr\/app\/wp-json\/wp\/v2\/comments?post=743729"}],"wp:featuredmedia":[{"embeddable":true,"href":"https:\/\/streetmarkets.fr\/app\/wp-json\/wp\/v2\/media\/743730"}],"wp:attachment":[{"href":"https:\/\/streetmarkets.fr\/app\/wp-json\/wp\/v2\/media?parent=743729"}],"wp:term":[{"taxonomy":"product_brand","embeddable":true,"href":"https:\/\/streetmarkets.fr\/app\/wp-json\/wp\/v2\/product_brand?post=743729"},{"taxonomy":"product_cat","embeddable":true,"href":"https:\/\/streetmarkets.fr\/app\/wp-json\/wp\/v2\/product_cat?post=743729"},{"taxonomy":"product_tag","embeddable":true,"href":"https:\/\/streetmarkets.fr\/app\/wp-json\/wp\/v2\/product_tag?post=743729"}],"curies":[{"name":"wp","href":"https:\/\/api.w.org\/{rel}","templated":true}]}}