{"id":743667,"date":"2024-10-16T17:42:35","date_gmt":"2024-10-16T15:42:35","guid":{"rendered":"https:\/\/streetmarkets.fr\/app\/produit\/pince-a-cheveux-tournesol-by-coucou-suzette\/"},"modified":"2026-04-11T01:40:13","modified_gmt":"2026-04-10T23:40:13","slug":"pince-a-cheveux-tournesol-by-coucou-suzette","status":"publish","type":"product","link":"https:\/\/streetmarkets.fr\/app\/produit\/pince-a-cheveux-tournesol-by-coucou-suzette\/","title":{"rendered":"Pince \u00e0 cheveux Tournesol &#8211; Coucou Suzette"},"content":{"rendered":"<p class=\"\">Le tournesol, la jolie fleur jaune qui ressemble au soleil, si inspirante\u2026 Van Gogh les a immortalis\u00e9s sur la toile, de notre c\u00f4t\u00e9 nous en avons fait de jolies pinces \u00e0 cheveux dans un esprit un peu r\u00e9tro comme on aime !<\/p>\n<p class=\"\">L\u2019accessoire rigolo parfait pour illuminer votre casual monday un peu terne.<\/p>\n","protected":false},"excerpt":{"rendered":"<p>Le tournesol, la jolie fleur jaune qui ressemble au soleil, si inspirante\u2026 Van Gogh les a immortalis\u00e9s sur la toile, de notre c\u00f4t\u00e9 nous en avons fait de jolies pinces \u00e0 cheveux dans un esprit un peu r\u00e9tro comme on aime ! L\u2019accessoire rigolo parfait pour illuminer votre casual monday un peu terne.<\/p>\n","protected":false},"featured_media":743668,"comment_status":"open","ping_status":"closed","template":"","meta":[],"product_brand":[],"product_cat":[1756,1764],"product_tag":[2244],"acf":[],"_links":{"self":[{"href":"https:\/\/streetmarkets.fr\/app\/wp-json\/wp\/v2\/product\/743667"}],"collection":[{"href":"https:\/\/streetmarkets.fr\/app\/wp-json\/wp\/v2\/product"}],"about":[{"href":"https:\/\/streetmarkets.fr\/app\/wp-json\/wp\/v2\/types\/product"}],"replies":[{"embeddable":true,"href":"https:\/\/streetmarkets.fr\/app\/wp-json\/wp\/v2\/comments?post=743667"}],"wp:featuredmedia":[{"embeddable":true,"href":"https:\/\/streetmarkets.fr\/app\/wp-json\/wp\/v2\/media\/743668"}],"wp:attachment":[{"href":"https:\/\/streetmarkets.fr\/app\/wp-json\/wp\/v2\/media?parent=743667"}],"wp:term":[{"taxonomy":"product_brand","embeddable":true,"href":"https:\/\/streetmarkets.fr\/app\/wp-json\/wp\/v2\/product_brand?post=743667"},{"taxonomy":"product_cat","embeddable":true,"href":"https:\/\/streetmarkets.fr\/app\/wp-json\/wp\/v2\/product_cat?post=743667"},{"taxonomy":"product_tag","embeddable":true,"href":"https:\/\/streetmarkets.fr\/app\/wp-json\/wp\/v2\/product_tag?post=743667"}],"curies":[{"name":"wp","href":"https:\/\/api.w.org\/{rel}","templated":true}]}}