{"id":742824,"date":"2024-10-16T17:41:49","date_gmt":"2024-10-16T15:41:49","guid":{"rendered":"https:\/\/streetmarkets.fr\/app\/produit\/barrette-oeil-bleu-coucou-suzette\/"},"modified":"2026-04-11T01:40:15","modified_gmt":"2026-04-10T23:40:15","slug":"barrette-oeil-bleu-coucou-suzette","status":"publish","type":"product","link":"https:\/\/streetmarkets.fr\/app\/produit\/barrette-oeil-bleu-coucou-suzette\/","title":{"rendered":"Barrette Oeil &#8211; Bleu &#8211; Coucou Suzette"},"content":{"rendered":"<p class=\"\">Une barrette \u00e0 l\u2019image de Coucou Suzette, en forme de petit \u0153il en ac\u00e9tate \u00e0 l\u2019iris turquoise. Un joli bijou de cheveux, parfait pour ajouter une touche d\u2019originalit\u00e9 \u00e0 ses coiffures les plus \u00e9labor\u00e9es, ou au contraire pour clipser une m\u00e8che \u00e0 la va-vite les jours de flemme capillaire. Un petit gri-gri \u00e0 avoir toujours sur soi !<\/p>\n<p class=\"\"><strong>Hauteur : <\/strong>3,9 cm \/ <strong>Largeur : <\/strong>2,4 cm \/ <strong>Poids : <\/strong>4,5 gr<\/p>\n<p class=\"\"><strong>Composition : <\/strong>Acetate de Cellulose Recycl\u00e9e &amp; Biod\u00e9gradable (Eco-Friendly)<\/p>\n","protected":false},"excerpt":{"rendered":"<p>Une barrette \u00e0 l\u2019image de Coucou Suzette, en forme de petit \u0153il en ac\u00e9tate \u00e0 l\u2019iris turquoise. Un joli bijou de cheveux, parfait pour ajouter une touche d\u2019originalit\u00e9 \u00e0 ses coiffures les plus \u00e9labor\u00e9es, ou au contraire pour clipser une m\u00e8che \u00e0 la va-vite les jours de flemme capillaire. Un petit gri-gri \u00e0 avoir toujours [&hellip;]<\/p>\n","protected":false},"featured_media":742825,"comment_status":"open","ping_status":"closed","template":"","meta":[],"product_brand":[],"product_cat":[1756,1764],"product_tag":[2244],"acf":[],"_links":{"self":[{"href":"https:\/\/streetmarkets.fr\/app\/wp-json\/wp\/v2\/product\/742824"}],"collection":[{"href":"https:\/\/streetmarkets.fr\/app\/wp-json\/wp\/v2\/product"}],"about":[{"href":"https:\/\/streetmarkets.fr\/app\/wp-json\/wp\/v2\/types\/product"}],"replies":[{"embeddable":true,"href":"https:\/\/streetmarkets.fr\/app\/wp-json\/wp\/v2\/comments?post=742824"}],"wp:featuredmedia":[{"embeddable":true,"href":"https:\/\/streetmarkets.fr\/app\/wp-json\/wp\/v2\/media\/742825"}],"wp:attachment":[{"href":"https:\/\/streetmarkets.fr\/app\/wp-json\/wp\/v2\/media?parent=742824"}],"wp:term":[{"taxonomy":"product_brand","embeddable":true,"href":"https:\/\/streetmarkets.fr\/app\/wp-json\/wp\/v2\/product_brand?post=742824"},{"taxonomy":"product_cat","embeddable":true,"href":"https:\/\/streetmarkets.fr\/app\/wp-json\/wp\/v2\/product_cat?post=742824"},{"taxonomy":"product_tag","embeddable":true,"href":"https:\/\/streetmarkets.fr\/app\/wp-json\/wp\/v2\/product_tag?post=742824"}],"curies":[{"name":"wp","href":"https:\/\/api.w.org\/{rel}","templated":true}]}}