{"id":742784,"date":"2024-10-16T17:41:48","date_gmt":"2024-10-16T15:41:48","guid":{"rendered":"https:\/\/streetmarkets.fr\/app\/produit\/barrette-bouche-by-coucou-suzette\/"},"modified":"2026-04-11T01:40:12","modified_gmt":"2026-04-10T23:40:12","slug":"barrette-bouche-by-coucou-suzette","status":"publish","type":"product","link":"https:\/\/streetmarkets.fr\/app\/produit\/barrette-bouche-by-coucou-suzette\/","title":{"rendered":"Barrette Bouche by Coucou Suzette"},"content":{"rendered":"<p class=\"\">Une belle barrette en forme de bouche rouge et pulpeuse comme on les aime, avec un petit d\u00e9tail dor\u00e9 pour encore plus de sensualit\u00e9. \u00c0 porter bien en \u00e9vidence dans sa crini\u00e8re, tant pour maintenir les m\u00e8ches rebelles que pour attirer l\u2019attention de son crush sur la piste de danse, et pourquoi pas lui souffler l\u2019id\u00e9e d\u2019un baiser\u2026<\/p>\n<p class=\"\"><strong>Hauteur : <\/strong>4 cm \/ <strong>Largeur : <\/strong>2 cm \/ <strong>Poids : <\/strong>4,2 gr<\/p>\n<p class=\"\"><strong>Composition : <\/strong>Acetate de Cellulose Recycl\u00e9e &amp; Biod\u00e9gradable (Eco-Friendly)<\/p>\n","protected":false},"excerpt":{"rendered":"<p>Une belle barrette en forme de bouche rouge et pulpeuse comme on les aime, avec un petit d\u00e9tail dor\u00e9 pour encore plus de sensualit\u00e9. \u00c0 porter bien en \u00e9vidence dans sa crini\u00e8re, tant pour maintenir les m\u00e8ches rebelles que pour attirer l\u2019attention de son crush sur la piste de danse, et pourquoi pas lui souffler [&hellip;]<\/p>\n","protected":false},"featured_media":742785,"comment_status":"open","ping_status":"closed","template":"","meta":[],"product_brand":[],"product_cat":[1756,1764],"product_tag":[2244],"acf":[],"_links":{"self":[{"href":"https:\/\/streetmarkets.fr\/app\/wp-json\/wp\/v2\/product\/742784"}],"collection":[{"href":"https:\/\/streetmarkets.fr\/app\/wp-json\/wp\/v2\/product"}],"about":[{"href":"https:\/\/streetmarkets.fr\/app\/wp-json\/wp\/v2\/types\/product"}],"replies":[{"embeddable":true,"href":"https:\/\/streetmarkets.fr\/app\/wp-json\/wp\/v2\/comments?post=742784"}],"wp:featuredmedia":[{"embeddable":true,"href":"https:\/\/streetmarkets.fr\/app\/wp-json\/wp\/v2\/media\/742785"}],"wp:attachment":[{"href":"https:\/\/streetmarkets.fr\/app\/wp-json\/wp\/v2\/media?parent=742784"}],"wp:term":[{"taxonomy":"product_brand","embeddable":true,"href":"https:\/\/streetmarkets.fr\/app\/wp-json\/wp\/v2\/product_brand?post=742784"},{"taxonomy":"product_cat","embeddable":true,"href":"https:\/\/streetmarkets.fr\/app\/wp-json\/wp\/v2\/product_cat?post=742784"},{"taxonomy":"product_tag","embeddable":true,"href":"https:\/\/streetmarkets.fr\/app\/wp-json\/wp\/v2\/product_tag?post=742784"}],"curies":[{"name":"wp","href":"https:\/\/api.w.org\/{rel}","templated":true}]}}