{"id":737027,"date":"2024-10-16T17:28:07","date_gmt":"2024-10-16T15:28:07","guid":{"rendered":"https:\/\/streetmarkets.fr\/app\/produit\/bracelet-ancre-reglable-sur-bracelet-cuir\/"},"modified":"2025-09-01T00:27:51","modified_gmt":"2025-08-31T22:27:51","slug":"bracelet-ancre-reglable-sur-bracelet-cuir","status":"publish","type":"product","link":"https:\/\/streetmarkets.fr\/app\/produit\/bracelet-ancre-reglable-sur-bracelet-cuir\/","title":{"rendered":"Bracelet Ancre r\u00e8glable sur bracelet cuir"},"content":{"rendered":"<p>Ruban. de soie \u00e0 nouer en guise de manchette ou \u00e0 nouer dans les cheveux ou \u00e0 un panier ou sac<\/p>\n<p>Made in france<\/p>\n","protected":false},"excerpt":{"rendered":"<p>Ruban. de soie \u00e0 nouer en guise de manchette ou \u00e0 nouer dans les cheveux ou \u00e0 un panier ou sac Made in france<\/p>\n","protected":false},"featured_media":737028,"comment_status":"open","ping_status":"closed","template":"","meta":[],"product_brand":[],"product_cat":[1807,1756],"product_tag":[1811],"acf":[],"_links":{"self":[{"href":"https:\/\/streetmarkets.fr\/app\/wp-json\/wp\/v2\/product\/737027"}],"collection":[{"href":"https:\/\/streetmarkets.fr\/app\/wp-json\/wp\/v2\/product"}],"about":[{"href":"https:\/\/streetmarkets.fr\/app\/wp-json\/wp\/v2\/types\/product"}],"replies":[{"embeddable":true,"href":"https:\/\/streetmarkets.fr\/app\/wp-json\/wp\/v2\/comments?post=737027"}],"wp:featuredmedia":[{"embeddable":true,"href":"https:\/\/streetmarkets.fr\/app\/wp-json\/wp\/v2\/media\/737028"}],"wp:attachment":[{"href":"https:\/\/streetmarkets.fr\/app\/wp-json\/wp\/v2\/media?parent=737027"}],"wp:term":[{"taxonomy":"product_brand","embeddable":true,"href":"https:\/\/streetmarkets.fr\/app\/wp-json\/wp\/v2\/product_brand?post=737027"},{"taxonomy":"product_cat","embeddable":true,"href":"https:\/\/streetmarkets.fr\/app\/wp-json\/wp\/v2\/product_cat?post=737027"},{"taxonomy":"product_tag","embeddable":true,"href":"https:\/\/streetmarkets.fr\/app\/wp-json\/wp\/v2\/product_tag?post=737027"}],"curies":[{"name":"wp","href":"https:\/\/api.w.org\/{rel}","templated":true}]}}