{"id":736804,"date":"2024-10-16T17:27:53","date_gmt":"2024-10-16T15:27:53","guid":{"rendered":"https:\/\/streetmarkets.fr\/app\/produit\/bon-dachat-30e-chez-jolieboni-15-rue-keller-paris-11\/"},"modified":"2025-09-01T00:27:50","modified_gmt":"2025-08-31T22:27:50","slug":"bon-dachat-30e-chez-jolieboni-15-rue-keller-paris-11","status":"publish","type":"product","link":"https:\/\/streetmarkets.fr\/app\/produit\/bon-dachat-30e-chez-jolieboni-15-rue-keller-paris-11\/","title":{"rendered":"Bon d&rsquo;achat 30\u20ac chez jolieboni 15 rue Keller Paris 11"},"content":{"rendered":"<p>Rien de mieux que de faire plaisir ou de se faire plaisir : c&rsquo;est pour cette raison que Jolieboni vous propose des bons d&rsquo;achat respectivement de 30\u20ac et de 50\u20ac \u00e0 valoir courant 2021.<\/p>\n<p>Si la personne de votre choix ou vous-m\u00eame voyez quelque chose qui vous plait sur Instagram ou sur ce site, ou si vous voulez faire plaisir parmi la collection \u00e0 venir, contactez nous directement en mode priv\u00e9 ou directement au 0638957871 afin de voir avec vous la solution la plus adapt\u00e9e (envoi du bon ou des bons d&rsquo;achat, bons d&rsquo;achats \u00e0 garder en boutique et \u00e0 utiliser lors du click&amp;collect, &#8230;.)<\/p>\n<p>A tr\u00e8s vite et merci de votre fid\u00e9lit\u00e9 et confiance.<\/p>\n","protected":false},"excerpt":{"rendered":"<p>Rien de mieux que de faire plaisir ou de se faire plaisir : c&rsquo;est pour cette raison que Jolieboni vous propose des bons d&rsquo;achat respectivement de 30\u20ac et de 50\u20ac \u00e0 valoir courant 2021. Si la personne de votre choix ou vous-m\u00eame voyez quelque chose qui vous plait sur Instagram ou sur ce site, ou [&hellip;]<\/p>\n","protected":false},"featured_media":736805,"comment_status":"open","ping_status":"closed","template":"","meta":[],"product_brand":[],"product_cat":[1756,1764],"product_tag":[1811,2122],"acf":[],"_links":{"self":[{"href":"https:\/\/streetmarkets.fr\/app\/wp-json\/wp\/v2\/product\/736804"}],"collection":[{"href":"https:\/\/streetmarkets.fr\/app\/wp-json\/wp\/v2\/product"}],"about":[{"href":"https:\/\/streetmarkets.fr\/app\/wp-json\/wp\/v2\/types\/product"}],"replies":[{"embeddable":true,"href":"https:\/\/streetmarkets.fr\/app\/wp-json\/wp\/v2\/comments?post=736804"}],"wp:featuredmedia":[{"embeddable":true,"href":"https:\/\/streetmarkets.fr\/app\/wp-json\/wp\/v2\/media\/736805"}],"wp:attachment":[{"href":"https:\/\/streetmarkets.fr\/app\/wp-json\/wp\/v2\/media?parent=736804"}],"wp:term":[{"taxonomy":"product_brand","embeddable":true,"href":"https:\/\/streetmarkets.fr\/app\/wp-json\/wp\/v2\/product_brand?post=736804"},{"taxonomy":"product_cat","embeddable":true,"href":"https:\/\/streetmarkets.fr\/app\/wp-json\/wp\/v2\/product_cat?post=736804"},{"taxonomy":"product_tag","embeddable":true,"href":"https:\/\/streetmarkets.fr\/app\/wp-json\/wp\/v2\/product_tag?post=736804"}],"curies":[{"name":"wp","href":"https:\/\/api.w.org\/{rel}","templated":true}]}}