{"id":735667,"date":"2024-10-16T17:26:53","date_gmt":"2024-10-16T15:26:53","guid":{"rendered":"https:\/\/streetmarkets.fr\/app\/produit\/ceinture-ou-cavaliere-a-sequins-noirs\/"},"modified":"2025-09-01T00:27:06","modified_gmt":"2025-08-31T22:27:06","slug":"ceinture-ou-cavaliere-a-sequins-noirs","status":"publish","type":"product","link":"https:\/\/streetmarkets.fr\/app\/produit\/ceinture-ou-cavaliere-a-sequins-noirs\/","title":{"rendered":"Ceinture ou cavali\u00e8re \u00e0 Sequins noirs"},"content":{"rendered":"<p>Mati\u00e8re : 100% sequin sur tissu<\/p>\n<p>Ceinture. Lavali\u00e8re. Accessoire cheveux.<\/p>\n<p>&nbsp;<\/p>\n<p>&nbsp;<\/p>\n<p>&nbsp;<\/p>\n<p>&nbsp;<\/p>\n","protected":false},"excerpt":{"rendered":"<p>Mati\u00e8re : 100% sequin sur tissu Ceinture. Lavali\u00e8re. Accessoire cheveux. &nbsp; &nbsp; &nbsp; &nbsp;<\/p>\n","protected":false},"featured_media":735668,"comment_status":"open","ping_status":"closed","template":"","meta":[],"product_brand":[],"product_cat":[1756,1764],"product_tag":[1811],"acf":[],"_links":{"self":[{"href":"https:\/\/streetmarkets.fr\/app\/wp-json\/wp\/v2\/product\/735667"}],"collection":[{"href":"https:\/\/streetmarkets.fr\/app\/wp-json\/wp\/v2\/product"}],"about":[{"href":"https:\/\/streetmarkets.fr\/app\/wp-json\/wp\/v2\/types\/product"}],"replies":[{"embeddable":true,"href":"https:\/\/streetmarkets.fr\/app\/wp-json\/wp\/v2\/comments?post=735667"}],"wp:featuredmedia":[{"embeddable":true,"href":"https:\/\/streetmarkets.fr\/app\/wp-json\/wp\/v2\/media\/735668"}],"wp:attachment":[{"href":"https:\/\/streetmarkets.fr\/app\/wp-json\/wp\/v2\/media?parent=735667"}],"wp:term":[{"taxonomy":"product_brand","embeddable":true,"href":"https:\/\/streetmarkets.fr\/app\/wp-json\/wp\/v2\/product_brand?post=735667"},{"taxonomy":"product_cat","embeddable":true,"href":"https:\/\/streetmarkets.fr\/app\/wp-json\/wp\/v2\/product_cat?post=735667"},{"taxonomy":"product_tag","embeddable":true,"href":"https:\/\/streetmarkets.fr\/app\/wp-json\/wp\/v2\/product_tag?post=735667"}],"curies":[{"name":"wp","href":"https:\/\/api.w.org\/{rel}","templated":true}]}}