{"id":735524,"date":"2024-10-16T17:26:45","date_gmt":"2024-10-16T15:26:45","guid":{"rendered":"https:\/\/streetmarkets.fr\/app\/produit\/echarpe-brume-60-duvet-de-mohair-et-40-soie-poudre-petite-marque-dc-20\/"},"modified":"2025-09-01T00:27:05","modified_gmt":"2025-08-31T22:27:05","slug":"echarpe-brume-60-duvet-de-mohair-et-40-soie-poudre-petite-marque-dc-20","status":"publish","type":"product","link":"https:\/\/streetmarkets.fr\/app\/produit\/echarpe-brume-60-duvet-de-mohair-et-40-soie-poudre-petite-marque-dc-20\/","title":{"rendered":"Echarpe Brume 60% duvet de mohair et 40% soie Poudre"},"content":{"rendered":"<p>Mati\u00e8re : 60% duvet de mohair et 40% soie. Fil d&rsquo;exception.<\/p>\n<p>Taille : 60 x 200 cm<\/p>\n<p>Fait en France (dans le Tarn).<\/p>\n<p>NB: la couleur est bien ivoire, donc plus claire que sur la photo du rendu port\u00e9.<\/p>\n<p>&nbsp;<\/p>\n<p>Grande \u00e9charpe en duvet de mohair et soie qui allient chaleur et douceur.<\/p>\n<p>Tr\u00e8s volumineuse. Tr\u00e8s l\u00e9g\u00e8re comme un nuage chaud. Tr\u00e8s agr\u00e9able aussi bien dehors que dedans pour les grandes frileuses en t\u00e9l\u00e9travail !<\/p>\n<p>Existe en plusieurs couleurs. \u00a0Petite s\u00e9rie d&rsquo;exception.<\/p>\n<p>&nbsp;<\/p>\n","protected":false},"excerpt":{"rendered":"<p>Mati\u00e8re : 60% duvet de mohair et 40% soie. Fil d&rsquo;exception. Taille : 60 x 200 cm Fait en France (dans le Tarn). NB: la couleur est bien ivoire, donc plus claire que sur la photo du rendu port\u00e9. &nbsp; Grande \u00e9charpe en duvet de mohair et soie qui allient chaleur et douceur. Tr\u00e8s volumineuse. [&hellip;]<\/p>\n","protected":false},"featured_media":735526,"comment_status":"open","ping_status":"closed","template":"","meta":[],"product_brand":[],"product_cat":[1756,1764],"product_tag":[1811],"acf":[],"_links":{"self":[{"href":"https:\/\/streetmarkets.fr\/app\/wp-json\/wp\/v2\/product\/735524"}],"collection":[{"href":"https:\/\/streetmarkets.fr\/app\/wp-json\/wp\/v2\/product"}],"about":[{"href":"https:\/\/streetmarkets.fr\/app\/wp-json\/wp\/v2\/types\/product"}],"replies":[{"embeddable":true,"href":"https:\/\/streetmarkets.fr\/app\/wp-json\/wp\/v2\/comments?post=735524"}],"wp:featuredmedia":[{"embeddable":true,"href":"https:\/\/streetmarkets.fr\/app\/wp-json\/wp\/v2\/media\/735526"}],"wp:attachment":[{"href":"https:\/\/streetmarkets.fr\/app\/wp-json\/wp\/v2\/media?parent=735524"}],"wp:term":[{"taxonomy":"product_brand","embeddable":true,"href":"https:\/\/streetmarkets.fr\/app\/wp-json\/wp\/v2\/product_brand?post=735524"},{"taxonomy":"product_cat","embeddable":true,"href":"https:\/\/streetmarkets.fr\/app\/wp-json\/wp\/v2\/product_cat?post=735524"},{"taxonomy":"product_tag","embeddable":true,"href":"https:\/\/streetmarkets.fr\/app\/wp-json\/wp\/v2\/product_tag?post=735524"}],"curies":[{"name":"wp","href":"https:\/\/api.w.org\/{rel}","templated":true}]}}