{"id":735502,"date":"2024-10-16T17:26:43","date_gmt":"2024-10-16T15:26:43","guid":{"rendered":"https:\/\/streetmarkets.fr\/app\/produit\/carre-en-100-soie-francaise-70-cm-jolieboni-vert-prairie\/"},"modified":"2025-09-01T00:27:05","modified_gmt":"2025-08-31T22:27:05","slug":"carre-en-100-soie-francaise-70-cm-jolieboni-vert-prairie","status":"publish","type":"product","link":"https:\/\/streetmarkets.fr\/app\/produit\/carre-en-100-soie-francaise-70-cm-jolieboni-vert-prairie\/","title":{"rendered":"Carr\u00e9 en 100% soie fran\u00e7aise 70 cm jolieboni vert prairie"},"content":{"rendered":"<p>carr\u00e9 en soie 70 cm x 70 cm, savoir faire artisanal, peu de quantit\u00e9s r\u00e9alis\u00e9es. Un basique.<\/p>\n<p>La taille permet de faire 2 tours au max et 1 tour fa\u00e7on Cowbow<\/p>\n<p>Mati\u00e8re : 100% twill de soie (excellente qualit\u00e9)<\/p>\n<p>Taille :66 x 66 cm<\/p>\n<p>Design fran\u00e7ais et fait en France \u00e0 Lyon.<\/p>\n<p>&nbsp;<\/p>\n<p>&nbsp;<\/p>\n<p>&nbsp;<\/p>\n<p>&nbsp;<\/p>\n<p>&nbsp;<\/p>\n","protected":false},"excerpt":{"rendered":"<p>carr\u00e9 en soie 70 cm x 70 cm, savoir faire artisanal, peu de quantit\u00e9s r\u00e9alis\u00e9es. Un basique. La taille permet de faire 2 tours au max et 1 tour fa\u00e7on Cowbow Mati\u00e8re : 100% twill de soie (excellente qualit\u00e9) Taille :66 x 66 cm Design fran\u00e7ais et fait en France \u00e0 Lyon. &nbsp; &nbsp; &nbsp; [&hellip;]<\/p>\n","protected":false},"featured_media":735503,"comment_status":"open","ping_status":"closed","template":"","meta":[],"product_brand":[],"product_cat":[1756,1764],"product_tag":[1811],"acf":[],"_links":{"self":[{"href":"https:\/\/streetmarkets.fr\/app\/wp-json\/wp\/v2\/product\/735502"}],"collection":[{"href":"https:\/\/streetmarkets.fr\/app\/wp-json\/wp\/v2\/product"}],"about":[{"href":"https:\/\/streetmarkets.fr\/app\/wp-json\/wp\/v2\/types\/product"}],"replies":[{"embeddable":true,"href":"https:\/\/streetmarkets.fr\/app\/wp-json\/wp\/v2\/comments?post=735502"}],"wp:featuredmedia":[{"embeddable":true,"href":"https:\/\/streetmarkets.fr\/app\/wp-json\/wp\/v2\/media\/735503"}],"wp:attachment":[{"href":"https:\/\/streetmarkets.fr\/app\/wp-json\/wp\/v2\/media?parent=735502"}],"wp:term":[{"taxonomy":"product_brand","embeddable":true,"href":"https:\/\/streetmarkets.fr\/app\/wp-json\/wp\/v2\/product_brand?post=735502"},{"taxonomy":"product_cat","embeddable":true,"href":"https:\/\/streetmarkets.fr\/app\/wp-json\/wp\/v2\/product_cat?post=735502"},{"taxonomy":"product_tag","embeddable":true,"href":"https:\/\/streetmarkets.fr\/app\/wp-json\/wp\/v2\/product_tag?post=735502"}],"curies":[{"name":"wp","href":"https:\/\/api.w.org\/{rel}","templated":true}]}}