{"id":735342,"date":"2024-10-16T17:26:33","date_gmt":"2024-10-16T15:26:33","guid":{"rendered":"https:\/\/streetmarkets.fr\/app\/produit\/meuble-long-en-bois-massif-recycle-et-en-metal\/"},"modified":"2025-09-01T00:27:03","modified_gmt":"2025-08-31T22:27:03","slug":"meuble-long-en-bois-massif-recycle-et-en-metal","status":"publish","type":"product","link":"https:\/\/streetmarkets.fr\/app\/produit\/meuble-long-en-bois-massif-recycle-et-en-metal\/","title":{"rendered":"Meuble long en bois massif recycl\u00e9 et en m\u00e9tal"},"content":{"rendered":"<p>Meuble long en bois massif recycl\u00e9 m\u00e9tal et deux tiroirs<br \/>\nMarque Dialma brown\/ marque de meubles italiens top<br \/>\nEt facile \u00e0 monter et \u00e0 transporter<br \/>\nBois massif recycl\u00e9<br \/>\nM\u00e9tal noir pour les pieds et couleur noir pour les tiroirs et le fond<br \/>\nTaille plateau 36cm x 270cm<br \/>\nHauteur de l \u00e9tag\u00e8re 30cm<br \/>\nHauteur totale du sol 90,5cm<\/p>\n<p>2 Tiroir 34,5cm x H13cm<br \/>\n3 unit\u00e9s sont disponibles<br \/>\nSe transportent assez facilement<\/p>\n<p>Actuellement en boutique \/ changement de d\u00e9coration \u00e0 venir<\/p>\n<p>&nbsp;<\/p>\n","protected":false},"excerpt":{"rendered":"<p>Meuble long en bois massif recycl\u00e9 m\u00e9tal et deux tiroirs Marque Dialma brown\/ marque de meubles italiens top Et facile \u00e0 monter et \u00e0 transporter Bois massif recycl\u00e9 M\u00e9tal noir pour les pieds et couleur noir pour les tiroirs et le fond Taille plateau 36cm x 270cm Hauteur de l \u00e9tag\u00e8re 30cm Hauteur totale du [&hellip;]<\/p>\n","protected":false},"featured_media":735343,"comment_status":"open","ping_status":"closed","template":"","meta":[],"product_brand":[],"product_cat":[1756,1764],"product_tag":[1810,2122],"acf":[],"_links":{"self":[{"href":"https:\/\/streetmarkets.fr\/app\/wp-json\/wp\/v2\/product\/735342"}],"collection":[{"href":"https:\/\/streetmarkets.fr\/app\/wp-json\/wp\/v2\/product"}],"about":[{"href":"https:\/\/streetmarkets.fr\/app\/wp-json\/wp\/v2\/types\/product"}],"replies":[{"embeddable":true,"href":"https:\/\/streetmarkets.fr\/app\/wp-json\/wp\/v2\/comments?post=735342"}],"wp:featuredmedia":[{"embeddable":true,"href":"https:\/\/streetmarkets.fr\/app\/wp-json\/wp\/v2\/media\/735343"}],"wp:attachment":[{"href":"https:\/\/streetmarkets.fr\/app\/wp-json\/wp\/v2\/media?parent=735342"}],"wp:term":[{"taxonomy":"product_brand","embeddable":true,"href":"https:\/\/streetmarkets.fr\/app\/wp-json\/wp\/v2\/product_brand?post=735342"},{"taxonomy":"product_cat","embeddable":true,"href":"https:\/\/streetmarkets.fr\/app\/wp-json\/wp\/v2\/product_cat?post=735342"},{"taxonomy":"product_tag","embeddable":true,"href":"https:\/\/streetmarkets.fr\/app\/wp-json\/wp\/v2\/product_tag?post=735342"}],"curies":[{"name":"wp","href":"https:\/\/api.w.org\/{rel}","templated":true}]}}