{"id":732157,"date":"2024-10-16T17:09:38","date_gmt":"2024-10-16T15:09:38","guid":{"rendered":"https:\/\/streetmarkets.fr\/app\/produit\/robe-lisbeth-marine\/"},"modified":"2025-01-28T01:01:36","modified_gmt":"2025-01-28T00:01:36","slug":"robe-lisbeth-marine","status":"publish","type":"product","link":"https:\/\/streetmarkets.fr\/app\/produit\/robe-lisbeth-marine\/","title":{"rendered":"robe LISBETH marine"},"content":{"rendered":"<p>jolie robe chemise en\u00a0denim \u00e9l\u00e9gante et intemporelle. peut aussi bien se porter ouverte sur un jean et un t-shirt col roul\u00e9 par exemple ou ferm\u00e9e avec de belles bottes\u00a0<\/p>\n<\/p>\n<p>. d\u00e9tails : manches raglan . coutures contrast\u00e9es . poches \u00e0 l&#8217;avant . boutonnage de haut en bas . passants pour ceinture\u00a0<\/p>\n<p>. longueur dos : 122cm pour une taille S<\/p>\n<p>. composition : 97% coton . 3% polyester<\/p>\n<p>. conseils d&#8217;entretien : lavage d\u00e9licat \u00e0 30\u00b0c . couleurs similaires<\/p>\n","protected":false},"excerpt":{"rendered":"<p>jolie robe chemise en\u00a0denim \u00e9l\u00e9gante et intemporelle. peut aussi bien se porter ouverte sur un jean et un t-shirt col roul\u00e9 par exemple ou ferm\u00e9e avec de belles bottes\u00a0 . d\u00e9tails : manches raglan . coutures contrast\u00e9es . poches \u00e0 l&#8217;avant . boutonnage de haut en bas . passants pour ceinture\u00a0 . longueur dos : [&hellip;]<\/p>\n","protected":false},"featured_media":732158,"comment_status":"open","ping_status":"closed","template":"","meta":[],"product_brand":[],"product_cat":[1756,1762],"product_tag":[2244],"acf":[],"_links":{"self":[{"href":"https:\/\/streetmarkets.fr\/app\/wp-json\/wp\/v2\/product\/732157"}],"collection":[{"href":"https:\/\/streetmarkets.fr\/app\/wp-json\/wp\/v2\/product"}],"about":[{"href":"https:\/\/streetmarkets.fr\/app\/wp-json\/wp\/v2\/types\/product"}],"replies":[{"embeddable":true,"href":"https:\/\/streetmarkets.fr\/app\/wp-json\/wp\/v2\/comments?post=732157"}],"wp:featuredmedia":[{"embeddable":true,"href":"https:\/\/streetmarkets.fr\/app\/wp-json\/wp\/v2\/media\/732158"}],"wp:attachment":[{"href":"https:\/\/streetmarkets.fr\/app\/wp-json\/wp\/v2\/media?parent=732157"}],"wp:term":[{"taxonomy":"product_brand","embeddable":true,"href":"https:\/\/streetmarkets.fr\/app\/wp-json\/wp\/v2\/product_brand?post=732157"},{"taxonomy":"product_cat","embeddable":true,"href":"https:\/\/streetmarkets.fr\/app\/wp-json\/wp\/v2\/product_cat?post=732157"},{"taxonomy":"product_tag","embeddable":true,"href":"https:\/\/streetmarkets.fr\/app\/wp-json\/wp\/v2\/product_tag?post=732157"}],"curies":[{"name":"wp","href":"https:\/\/api.w.org\/{rel}","templated":true}]}}